{"id":1103,"date":"2023-04-07T19:58:13","date_gmt":"2023-04-07T18:58:13","guid":{"rendered":"https:\/\/bitei.eu\/?page_id=1103"},"modified":"2023-05-08T11:58:20","modified_gmt":"2023-05-08T10:58:20","slug":"2023-2-revizorul-de-nikolai-gogol-teatrul-national-eugene-ionesco","status":"publish","type":"page","link":"https:\/\/bitei.eu\/en\/2023-2-revizorul-de-nikolai-gogol-teatrul-national-eugene-ionesco\/","title":{"rendered":"2023 \u2013 2. The Reviewer by Nikolai Gogol National Theater &quot;Eug\u00e8ne Ionesco&quot;"},"content":{"rendered":"<div data-elementor-type=\"wp-page\" data-elementor-id=\"1103\" class=\"elementor elementor-1103\">\n\t\t\t\t<div class=\"elementor-element elementor-element-04376ef e-flex e-con-boxed e-con e-parent\" data-id=\"04376ef\" data-element_type=\"container\" data-e-type=\"container\">\n\t\t\t\t\t<div class=\"e-con-inner\">\n\t\t\t\t<div class=\"elementor-element elementor-element-db3cf16 elementor-widget elementor-widget-image\" data-id=\"db3cf16\" data-element_type=\"widget\" data-e-type=\"widget\" data-widget_type=\"image.default\">\n\t\t\t\t\t\t\t\t\t\t\t\t\t\t\t<img fetchpriority=\"high\" decoding=\"async\" width=\"1200\" height=\"628\" src=\"https:\/\/bitei.eu\/wp-content\/uploads\/2023\/05\/D6AD21CD-67D0-4341-AA3D-3F38F6AB6FA4.jpeg\" class=\"attachment-full size-full wp-image-2520\" alt=\"\" srcset=\"https:\/\/bitei.eu\/wp-content\/uploads\/2023\/05\/D6AD21CD-67D0-4341-AA3D-3F38F6AB6FA4.jpeg 1200w, https:\/\/bitei.eu\/wp-content\/uploads\/2023\/05\/D6AD21CD-67D0-4341-AA3D-3F38F6AB6FA4-300x157.jpeg 300w, https:\/\/bitei.eu\/wp-content\/uploads\/2023\/05\/D6AD21CD-67D0-4341-AA3D-3F38F6AB6FA4-1030x539.jpeg 1030w, https:\/\/bitei.eu\/wp-content\/uploads\/2023\/05\/D6AD21CD-67D0-4341-AA3D-3F38F6AB6FA4-768x402.jpeg 768w, https:\/\/bitei.eu\/wp-content\/uploads\/2023\/05\/D6AD21CD-67D0-4341-AA3D-3F38F6AB6FA4-18x9.jpeg 18w, https:\/\/bitei.eu\/wp-content\/uploads\/2023\/05\/D6AD21CD-67D0-4341-AA3D-3F38F6AB6FA4-705x369.jpeg 705w\" sizes=\"(max-width: 1200px) 100vw, 1200px\" \/>\t\t\t\t\t\t\t\t\t\t\t\t\t\t\t<\/div>\n\t\t\t\t\t<\/div>\n\t\t\t\t<\/div>\n\t\t<div class=\"elementor-element elementor-element-2673de5 e-flex e-con-boxed e-con e-parent\" data-id=\"2673de5\" data-element_type=\"container\" data-e-type=\"container\">\n\t\t\t\t\t<div class=\"e-con-inner\">\n\t\t\t\t<div class=\"elementor-element elementor-element-7aafc5c elementor-widget elementor-widget-heading\" data-id=\"7aafc5c\" data-element_type=\"widget\" data-e-type=\"widget\" data-widget_type=\"heading.default\">\n\t\t\t\t\t<h2 class=\"elementor-heading-title elementor-size-default\"><i style=\"font-size: medium;font-weight: 400;letter-spacing: normal;text-align: start;white-space: normal\"><span lang=\"RO\" style=\"font-size: 11pt;line-height: 15.6933px\">The Government Inspector<\/span><\/i><span lang=\"RO\" style=\"font-style: normal;font-weight: 400;letter-spacing: normal;text-align: start;white-space: normal;font-size: 11pt;line-height: 15.6933px\"> by Nikolai Gogol<\/span><span style=\"font-size: medium;font-style: normal;font-weight: 400;letter-spacing: normal;text-align: start;white-space: normal\"><\/span><br>&quot;Eug\u00e8ne Ionesco&quot; National Theater<span style=\"font-size: medium;font-style: normal;font-weight: 400;letter-spacing: normal;text-align: start;white-space: normal\"><\/span><br><\/h2>\t\t\t\t<\/div>\n\t\t\t\t<div class=\"elementor-element elementor-element-9719167 elementor-align-center elementor-widget elementor-widget-button\" data-id=\"9719167\" data-element_type=\"widget\" data-e-type=\"widget\" data-widget_type=\"button.default\">\n\t\t\t\t\t\t\t\t\t\t<a class=\"elementor-button elementor-button-link elementor-size-sm\" href=\"https:\/\/iticket.md\/en\/event\/location\/tealtrul-national-eugene-ionesco\">\n\t\t\t\t\t\t<span class=\"elementor-button-content-wrapper\">\n\t\t\t\t\t\t\t\t\t<span class=\"elementor-button-text\">Buy ticket<\/span>\n\t\t\t\t\t<\/span>\n\t\t\t\t\t<\/a>\n\t\t\t\t\t\t\t\t<\/div>\n\t\t\t\t\t<\/div>\n\t\t\t\t<\/div>\n\t\t<div class=\"elementor-element elementor-element-0b0939b e-flex e-con-boxed e-con e-parent\" data-id=\"0b0939b\" data-element_type=\"container\" data-e-type=\"container\">\n\t\t\t\t\t<div class=\"e-con-inner\">\n\t\t\t\t<div class=\"elementor-element elementor-element-7c71b7b elementor-widget elementor-widget-text-editor\" data-id=\"7c71b7b\" data-element_type=\"widget\" data-e-type=\"widget\" data-widget_type=\"text-editor.default\">\n\t\t\t\t\t\t\t\t\t<p>Country: Republic of Moldova<\/p><p>Director: Petru Vutcarau<\/p><p>Cast:<\/p><p>About the theater: The history of the &quot;Eug\u00e8ne Ionesco&quot; National Theater begins in 1990, when a group of 13 actors led by Petru Vutcarau, most of whom were graduates of the &quot;BV Shciukin&quot; Higher Theater School in Moscow, becomes an independent theater , obtaining the consent of Eug\u00e8ne Ionesco, the famous playwright of Romanian origin in Paris, to bear his name.<\/p><p>In 1991, the &quot;Eug\u00e8ne Ionesco&quot; Theater became an official institution under the Ministry of Culture of the Republic of Moldova.\u00a0<\/p><p>The general director of the theatre, Petru Vutc\u0103r\u0103u, a famous actor, director, and producer, works in a non-traditional, unusual manner that impresses the audience everywhere it performs.<\/p><p>Shows after famous playwrights \u2013 Shakespeare, Chekhov, Ionesco, Labiche, etc. \u2013 are always present in the repertoire of the theatre. Eug\u00e8ne Ionesco National Theatre performed the award-winning plays The King Dies and Voices in the Dazzling Light across the whole world, from France to Japan. <em>The king dies<\/em> and <em>Voices in the blinding light<\/em> around the world, from France to Japan.<\/p><p>Duration: 180 min<\/p>\t\t\t\t\t\t\t\t<\/div>\n\t\t\t\t\t<\/div>\n\t\t\t\t<\/div>\n\t\t<div class=\"elementor-element elementor-element-a9c82c7 e-flex e-con-boxed e-con e-parent\" data-id=\"a9c82c7\" data-element_type=\"container\" data-e-type=\"container\">\n\t\t\t\t\t<div class=\"e-con-inner\">\n\t\t\t\t\t<\/div>\n\t\t\t\t<\/div>\n\t\t\t\t<\/div>","protected":false},"excerpt":{"rendered":"<p>Revizorul de Nikolai Gogol Teatrul Na\u021bional \u201eEug\u00e8ne Ionesco\u201d Cump\u0103r\u0103 bilet \u021aara: Republica Moldova Regie: Petru Vutc\u0103r\u0103u Distribu\u021bia: Despre teatru: Istoria Teatrului Na\u021bional \u201eEug\u00e8ne Ionesco\u201d \u00eencepe \u00een anul 1990, c\u00e2nd un grup de 13 actori \u00een frunte cu Petru Vutc\u0103r\u0103u, dintre care cei mai mul\u021bi erau absolven\u021bi ai \u0218colii Superioare de Teatru \u201eB.V. \u0218ciukin\u201d din Moscova, [&hellip;]<\/p>\n","protected":false},"author":1,"featured_media":0,"parent":0,"menu_order":0,"comment_status":"closed","ping_status":"closed","template":"","meta":{"footnotes":""},"class_list":["post-1103","page","type-page","status-publish","hentry"],"_links":{"self":[{"href":"https:\/\/bitei.eu\/en\/wp-json\/wp\/v2\/pages\/1103","targetHints":{"allow":["GET"]}}],"collection":[{"href":"https:\/\/bitei.eu\/en\/wp-json\/wp\/v2\/pages"}],"about":[{"href":"https:\/\/bitei.eu\/en\/wp-json\/wp\/v2\/types\/page"}],"author":[{"embeddable":true,"href":"https:\/\/bitei.eu\/en\/wp-json\/wp\/v2\/users\/1"}],"replies":[{"embeddable":true,"href":"https:\/\/bitei.eu\/en\/wp-json\/wp\/v2\/comments?post=1103"}],"version-history":[{"count":47,"href":"https:\/\/bitei.eu\/en\/wp-json\/wp\/v2\/pages\/1103\/revisions"}],"predecessor-version":[{"id":2646,"href":"https:\/\/bitei.eu\/en\/wp-json\/wp\/v2\/pages\/1103\/revisions\/2646"}],"wp:attachment":[{"href":"https:\/\/bitei.eu\/en\/wp-json\/wp\/v2\/media?parent=1103"}],"curies":[{"name":"wp","href":"https:\/\/api.w.org\/{rel}","templated":true}]}}