{"id":1191,"date":"2023-04-07T21:20:37","date_gmt":"2023-04-07T20:20:37","guid":{"rendered":"https:\/\/bitei.eu\/?page_id=1191"},"modified":"2023-05-08T01:36:21","modified_gmt":"2023-05-08T00:36:21","slug":"2023-6-luxuria-barcelona-flamenco-ballet","status":"publish","type":"page","link":"https:\/\/bitei.eu\/en\/2023-6-luxuria-barcelona-flamenco-ballet\/","title":{"rendered":"2023 \u2013 6. Luxuria Barcelona Flamenco Ballet"},"content":{"rendered":"<div data-elementor-type=\"wp-page\" data-elementor-id=\"1191\" class=\"elementor elementor-1191\">\n\t\t\t\t<div class=\"elementor-element elementor-element-04376ef e-flex e-con-boxed e-con e-parent\" data-id=\"04376ef\" data-element_type=\"container\" data-e-type=\"container\">\n\t\t\t\t\t<div class=\"e-con-inner\">\n\t\t\t\t<div class=\"elementor-element elementor-element-db3cf16 elementor-widget elementor-widget-image\" data-id=\"db3cf16\" data-element_type=\"widget\" data-e-type=\"widget\" data-widget_type=\"image.default\">\n\t\t\t\t\t\t\t\t\t\t\t\t\t\t\t<img fetchpriority=\"high\" decoding=\"async\" width=\"1200\" height=\"628\" src=\"https:\/\/bitei.eu\/wp-content\/uploads\/2023\/05\/D5BB2D38-BA73-44AF-9B14-D08A8536CAA7.jpeg\" class=\"attachment-full size-full wp-image-1934\" alt=\"\" srcset=\"https:\/\/bitei.eu\/wp-content\/uploads\/2023\/05\/D5BB2D38-BA73-44AF-9B14-D08A8536CAA7.jpeg 1200w, https:\/\/bitei.eu\/wp-content\/uploads\/2023\/05\/D5BB2D38-BA73-44AF-9B14-D08A8536CAA7-300x157.jpeg 300w, https:\/\/bitei.eu\/wp-content\/uploads\/2023\/05\/D5BB2D38-BA73-44AF-9B14-D08A8536CAA7-1030x539.jpeg 1030w, https:\/\/bitei.eu\/wp-content\/uploads\/2023\/05\/D5BB2D38-BA73-44AF-9B14-D08A8536CAA7-768x402.jpeg 768w, https:\/\/bitei.eu\/wp-content\/uploads\/2023\/05\/D5BB2D38-BA73-44AF-9B14-D08A8536CAA7-18x9.jpeg 18w, https:\/\/bitei.eu\/wp-content\/uploads\/2023\/05\/D5BB2D38-BA73-44AF-9B14-D08A8536CAA7-705x369.jpeg 705w\" sizes=\"(max-width: 1200px) 100vw, 1200px\" \/>\t\t\t\t\t\t\t\t\t\t\t\t\t\t\t<\/div>\n\t\t\t\t\t<\/div>\n\t\t\t\t<\/div>\n\t\t<div class=\"elementor-element elementor-element-2673de5 e-flex e-con-boxed e-con e-parent\" data-id=\"2673de5\" data-element_type=\"container\" data-e-type=\"container\">\n\t\t\t\t\t<div class=\"e-con-inner\">\n\t\t\t\t<div class=\"elementor-element elementor-element-7aafc5c elementor-widget elementor-widget-heading\" data-id=\"7aafc5c\" data-element_type=\"widget\" data-e-type=\"widget\" data-widget_type=\"heading.default\">\n\t\t\t\t\t<h3 class=\"elementor-heading-title elementor-size-default\"><i style=\"font-size: medium;font-weight: 400;letter-spacing: normal;text-align: start;white-space: normal\"><span lang=\"RO\" style=\"font-size: 11pt;line-height: 15.6933px\"> Luxuria <\/span><\/i><span lang=\"RO\" style=\"font-style: normal;font-weight: 400;letter-spacing: normal;text-align: start;white-space: normal;font-size: 11pt;line-height: 15.6933px;font-family: Calibri\"> <\/span><span lang=\"RO\" style=\"font-style: normal;font-weight: 400;letter-spacing: normal;text-align: start;white-space: normal;font-size: 11pt;line-height: 15.6933px\"><\/span><span style=\"font-size: medium;font-style: normal;font-weight: 400;letter-spacing: normal;text-align: start;white-space: normal\"><\/span><br> Barcelona Flamenco Ballet<span style=\"font-size: medium;font-style: normal;font-weight: 400;letter-spacing: normal;text-align: start;white-space: normal\"><\/span><br><\/h3>\t\t\t\t<\/div>\n\t\t\t\t<div class=\"elementor-element elementor-element-9719167 elementor-align-center elementor-widget elementor-widget-button\" data-id=\"9719167\" data-element_type=\"widget\" data-e-type=\"widget\" data-widget_type=\"button.default\">\n\t\t\t\t\t\t\t\t\t\t<a class=\"elementor-button elementor-button-link elementor-size-sm\" href=\"https:\/\/iticket.md\/en\/event\/location\/tealtrul-national-eugene-ionesco\">\n\t\t\t\t\t\t<span class=\"elementor-button-content-wrapper\">\n\t\t\t\t\t\t\t\t\t<span class=\"elementor-button-text\">Buy ticket<\/span>\n\t\t\t\t\t<\/span>\n\t\t\t\t\t<\/a>\n\t\t\t\t\t\t\t\t<\/div>\n\t\t\t\t\t<\/div>\n\t\t\t\t<\/div>\n\t\t<div class=\"elementor-element elementor-element-0b0939b e-flex e-con-boxed e-con e-parent\" data-id=\"0b0939b\" data-element_type=\"container\" data-e-type=\"container\">\n\t\t\t\t\t<div class=\"e-con-inner\">\n\t\t\t\t<div class=\"elementor-element elementor-element-7c71b7b elementor-widget elementor-widget-text-editor\" data-id=\"7c71b7b\" data-element_type=\"widget\" data-e-type=\"widget\" data-widget_type=\"text-editor.default\">\n\t\t\t\t\t\t\t\t\t<p>Country: Spain<\/p><p>Directed by: David Guti\u00e9rrez, Paula Reyes<\/p><p>Cast: Jordi Centeno, Rafa Bueno, Alberto Garrido, Jose Miguel Casta\u00f1o, Rafa Palomares, David Guti\u00e9rrez, Paula Reyes, Claudia Martinell, Beatriz Rodriguez, Andrea Amaya, Alba Soto, Maria Bardolet, Beatriz Rodr\u00edguez, Judith Marg\u00f3n<\/p><p>About the performance:\u00a0<em>Luxuria<\/em> transports the audience into the world of suspense, intrigue, the complex power dynamics of passion, love, madness, and tragedy.<\/p><p>The performance creates this attractive world while highlighting the innovative style of Barcelona Flamenco Ballet, which fuses elements of traditional flamenco dance and music with elements of ballet and more contemporary music, including classical and jazz.<\/p><p>A story of love, desire and tragedy in which the protagonist of Luxuria is consumed by doubt, pride, insanity and, finally, in which loneliness and despair threaten his relationship with the greatest love of his life.<\/p><p>About the theater: Since 2017, this international company of flamenco dance, Barcelona Flamenco Ballet, has been consolidated as a reference space, a symbol of Catalan art, and a meeting point for the recognition of great dance and music professionals. All in all, this company is the beating heart of flamenco.<\/p><p>Throughout this short but intense journey, after international success in countries such as China, the United States of America, Bulgaria, France, Latvia, Lebanon, Romania, or Serbia, they have become one of the most popular dance companies in the world. We have also made a place for ourselves on the billboards of many national theatres in Spain, such as in the cities of Barcelona, Madrid, Valencia, Bilbao, Menorca, and Guadalajara.<\/p><p>The main aim of the Barcelona Flamenco Ballet is to promote Barcelona\u2019s art throughout the world, boost Catalan culture (which is still fairly unknown throughout the world), and provide an opportunity for young talents in the Catalan flamenco scene.<\/p><p>Duration: 90 min<\/p>\t\t\t\t\t\t\t\t<\/div>\n\t\t\t\t\t<\/div>\n\t\t\t\t<\/div>\n\t\t<div class=\"elementor-element elementor-element-a9c82c7 e-flex e-con-boxed e-con e-parent\" data-id=\"a9c82c7\" data-element_type=\"container\" data-e-type=\"container\">\n\t\t\t\t\t<div class=\"e-con-inner\">\n\t\t\t\t<div class=\"elementor-element elementor-element-bc1d3c7 elementor-arrows-position-inside elementor-pagination-position-outside elementor-widget elementor-widget-image-carousel\" data-id=\"bc1d3c7\" data-element_type=\"widget\" data-e-type=\"widget\" data-settings=\"{&quot;navigation&quot;:&quot;both&quot;,&quot;autoplay&quot;:&quot;yes&quot;,&quot;pause_on_hover&quot;:&quot;yes&quot;,&quot;pause_on_interaction&quot;:&quot;yes&quot;,&quot;autoplay_speed&quot;:5000,&quot;infinite&quot;:&quot;yes&quot;,&quot;speed&quot;:500}\" data-widget_type=\"image-carousel.default\">\n\t\t\t\t\t\t\t<div class=\"elementor-image-carousel-wrapper swiper\" role=\"region\" aria-roledescription=\"carousel\" aria-label=\"Carusel de imagini\" dir=\"ltr\">\n\t\t\t<div class=\"elementor-image-carousel swiper-wrapper\" aria-live=\"off\">\n\t\t\t\t\t\t\t\t<div class=\"swiper-slide\" role=\"group\" aria-roledescription=\"slide\" aria-label=\"1 din 8\"><a data-elementor-open-lightbox=\"yes\" data-elementor-lightbox-slideshow=\"bc1d3c7\" data-elementor-lightbox-title=\"Toni Jimenez - Luxuria - 1324-min\" data-e-action-hash=\"#elementor-action%3Aaction%3Dlightbox%26settings%3DeyJpZCI6MTE3OSwidXJsIjoiaHR0cHM6XC9cL2JpdGVpLmV1XC93cC1jb250ZW50XC91cGxvYWRzXC8yMDIzXC8wNFwvVG9uaS1KaW1lbmV6LUx1eHVyaWEtMTMyNC1taW4uanBnIiwic2xpZGVzaG93IjoiYmMxZDNjNyJ9\" href=\"https:\/\/bitei.eu\/wp-content\/uploads\/2023\/04\/Toni-Jimenez-Luxuria-1324-min.jpg\"><figure class=\"swiper-slide-inner\"><img decoding=\"async\" class=\"swiper-slide-image\" src=\"https:\/\/bitei.eu\/wp-content\/uploads\/2023\/04\/Toni-Jimenez-Luxuria-1324-min.jpg\" alt=\"Toni Jimenez - Luxuria - 1324-min\" \/><\/figure><\/a><\/div><div class=\"swiper-slide\" role=\"group\" aria-roledescription=\"slide\" aria-label=\"2 din 8\"><a data-elementor-open-lightbox=\"yes\" data-elementor-lightbox-slideshow=\"bc1d3c7\" data-elementor-lightbox-title=\"PBL_7639 (1)-min\" data-e-action-hash=\"#elementor-action%3Aaction%3Dlightbox%26settings%3DeyJpZCI6MTE3OCwidXJsIjoiaHR0cHM6XC9cL2JpdGVpLmV1XC93cC1jb250ZW50XC91cGxvYWRzXC8yMDIzXC8wNFwvUEJMXzc2MzktMS1taW4tc2NhbGVkLmpwZyIsInNsaWRlc2hvdyI6ImJjMWQzYzcifQ%3D%3D\" href=\"https:\/\/bitei.eu\/wp-content\/uploads\/2023\/04\/PBL_7639-1-min-scaled.jpg\"><figure class=\"swiper-slide-inner\"><img decoding=\"async\" class=\"swiper-slide-image\" src=\"https:\/\/bitei.eu\/wp-content\/uploads\/2023\/04\/PBL_7639-1-min-scaled.jpg\" alt=\"PBL_7639 (1)-min\" \/><\/figure><\/a><\/div><div class=\"swiper-slide\" role=\"group\" aria-roledescription=\"slide\" aria-label=\"3 din 8\"><a data-elementor-open-lightbox=\"yes\" data-elementor-lightbox-slideshow=\"bc1d3c7\" data-elementor-lightbox-title=\"OA_3070_LUXURIA - 02.07.2022 - NYC_6625 \u00a9 Nicu Cherciu-min\" data-e-action-hash=\"#elementor-action%3Aaction%3Dlightbox%26settings%3DeyJpZCI6MTE3NywidXJsIjoiaHR0cHM6XC9cL2JpdGVpLmV1XC93cC1jb250ZW50XC91cGxvYWRzXC8yMDIzXC8wNFwvT0FfMzA3MF9MVVhVUklBLTAyLjA3LjIwMjItTllDXzY2MjUtXHUwMGE5LU5pY3UtQ2hlcmNpdS1taW4uanBnIiwic2xpZGVzaG93IjoiYmMxZDNjNyJ9\" href=\"https:\/\/bitei.eu\/wp-content\/uploads\/2023\/04\/OA_3070_LUXURIA-02.07.2022-NYC_6625-\u00a9-Nicu-Cherciu-min.jpg\"><figure class=\"swiper-slide-inner\"><img decoding=\"async\" class=\"swiper-slide-image\" src=\"https:\/\/bitei.eu\/wp-content\/uploads\/2023\/04\/OA_3070_LUXURIA-02.07.2022-NYC_6625-\u00a9-Nicu-Cherciu-min.jpg\" alt=\"OA_3070_LUXURIA - 02.07.2022 - NYC_6625 \u00a9 Nicu Cherciu-min\" \/><\/figure><\/a><\/div><div class=\"swiper-slide\" role=\"group\" aria-roledescription=\"slide\" aria-label=\"4 din 8\"><a data-elementor-open-lightbox=\"yes\" data-elementor-lightbox-slideshow=\"bc1d3c7\" data-elementor-lightbox-title=\"254A9587-min\" data-e-action-hash=\"#elementor-action%3Aaction%3Dlightbox%26settings%3DeyJpZCI6MTE3NiwidXJsIjoiaHR0cHM6XC9cL2JpdGVpLmV1XC93cC1jb250ZW50XC91cGxvYWRzXC8yMDIzXC8wNFwvMjU0QTk1ODctbWluLXNjYWxlZC5qcGciLCJzbGlkZXNob3ciOiJiYzFkM2M3In0%3D\" href=\"https:\/\/bitei.eu\/wp-content\/uploads\/2023\/04\/254A9587-min-scaled.jpg\"><figure class=\"swiper-slide-inner\"><img decoding=\"async\" class=\"swiper-slide-image\" src=\"https:\/\/bitei.eu\/wp-content\/uploads\/2023\/04\/254A9587-min-scaled.jpg\" alt=\"254A9587-min\" \/><\/figure><\/a><\/div><div class=\"swiper-slide\" role=\"group\" aria-roledescription=\"slide\" aria-label=\"5 din 8\"><a data-elementor-open-lightbox=\"yes\" data-elementor-lightbox-slideshow=\"bc1d3c7\" data-elementor-lightbox-title=\"101_EOSR1550-min\" data-e-action-hash=\"#elementor-action%3Aaction%3Dlightbox%26settings%3DeyJpZCI6MTE3NSwidXJsIjoiaHR0cHM6XC9cL2JpdGVpLmV1XC93cC1jb250ZW50XC91cGxvYWRzXC8yMDIzXC8wNFwvMTAxX0VPU1IxNTUwLW1pbi5qcGciLCJzbGlkZXNob3ciOiJiYzFkM2M3In0%3D\" href=\"https:\/\/bitei.eu\/wp-content\/uploads\/2023\/04\/101_EOSR1550-min.jpg\"><figure class=\"swiper-slide-inner\"><img decoding=\"async\" class=\"swiper-slide-image\" src=\"https:\/\/bitei.eu\/wp-content\/uploads\/2023\/04\/101_EOSR1550-min.jpg\" alt=\"101_EOSR1550-min\" \/><\/figure><\/a><\/div><div class=\"swiper-slide\" role=\"group\" aria-roledescription=\"slide\" aria-label=\"6 din 8\"><a data-elementor-open-lightbox=\"yes\" data-elementor-lightbox-slideshow=\"bc1d3c7\" data-elementor-lightbox-title=\"9G9A9963 copia-min\" data-e-action-hash=\"#elementor-action%3Aaction%3Dlightbox%26settings%3DeyJpZCI6MTE3NCwidXJsIjoiaHR0cHM6XC9cL2JpdGVpLmV1XC93cC1jb250ZW50XC91cGxvYWRzXC8yMDIzXC8wNFwvOUc5QTk5NjMtY29waWEtbWluLmpwZyIsInNsaWRlc2hvdyI6ImJjMWQzYzcifQ%3D%3D\" href=\"https:\/\/bitei.eu\/wp-content\/uploads\/2023\/04\/9G9A9963-copia-min.jpg\"><figure class=\"swiper-slide-inner\"><img decoding=\"async\" class=\"swiper-slide-image\" src=\"https:\/\/bitei.eu\/wp-content\/uploads\/2023\/04\/9G9A9963-copia-min.jpg\" alt=\"9G9A9963 copia-min\" \/><\/figure><\/a><\/div><div class=\"swiper-slide\" role=\"group\" aria-roledescription=\"slide\" aria-label=\"7 din 8\"><a data-elementor-open-lightbox=\"yes\" data-elementor-lightbox-slideshow=\"bc1d3c7\" data-elementor-lightbox-title=\"9G9A0070 copia-min\" data-e-action-hash=\"#elementor-action%3Aaction%3Dlightbox%26settings%3DeyJpZCI6MTE3MywidXJsIjoiaHR0cHM6XC9cL2JpdGVpLmV1XC93cC1jb250ZW50XC91cGxvYWRzXC8yMDIzXC8wNFwvOUc5QTAwNzAtY29waWEtbWluLmpwZyIsInNsaWRlc2hvdyI6ImJjMWQzYzcifQ%3D%3D\" href=\"https:\/\/bitei.eu\/wp-content\/uploads\/2023\/04\/9G9A0070-copia-min.jpg\"><figure class=\"swiper-slide-inner\"><img decoding=\"async\" class=\"swiper-slide-image\" src=\"https:\/\/bitei.eu\/wp-content\/uploads\/2023\/04\/9G9A0070-copia-min.jpg\" alt=\"9G9A0070 copia-min\" \/><\/figure><\/a><\/div><div class=\"swiper-slide\" role=\"group\" aria-roledescription=\"slide\" aria-label=\"8 din 8\"><a data-elementor-open-lightbox=\"yes\" data-elementor-lightbox-slideshow=\"bc1d3c7\" data-elementor-lightbox-title=\"0S8A8259-min\" data-e-action-hash=\"#elementor-action%3Aaction%3Dlightbox%26settings%3DeyJpZCI6MTE3MiwidXJsIjoiaHR0cHM6XC9cL2JpdGVpLmV1XC93cC1jb250ZW50XC91cGxvYWRzXC8yMDIzXC8wNFwvMFM4QTgyNTktbWluLXNjYWxlZC5qcGciLCJzbGlkZXNob3ciOiJiYzFkM2M3In0%3D\" href=\"https:\/\/bitei.eu\/wp-content\/uploads\/2023\/04\/0S8A8259-min-scaled.jpg\"><figure class=\"swiper-slide-inner\"><img decoding=\"async\" class=\"swiper-slide-image\" src=\"https:\/\/bitei.eu\/wp-content\/uploads\/2023\/04\/0S8A8259-min-scaled.jpg\" alt=\"0S8A8259-min\" \/><\/figure><\/a><\/div>\t\t\t<\/div>\n\t\t\t\t\t\t\t\t\t\t\t\t<div class=\"elementor-swiper-button elementor-swiper-button-prev\" role=\"button\" tabindex=\"0\">\n\t\t\t\t\t\t<svg aria-hidden=\"true\" class=\"e-font-icon-svg e-eicon-chevron-left\" viewbox=\"0 0 1000 1000\" xmlns=\"http:\/\/www.w3.org\/2000\/svg\"><path d=\"M646 125C629 125 613 133 604 142L308 442C296 454 292 471 292 487 292 504 296 521 308 533L604 854C617 867 629 875 646 875 663 875 679 871 692 858 704 846 713 829 713 812 713 796 708 779 692 767L438 487 692 225C700 217 708 204 708 187 708 171 704 154 692 142 675 129 663 125 646 125Z\"><\/path><\/svg>\t\t\t\t\t<\/div>\n\t\t\t\t\t<div class=\"elementor-swiper-button elementor-swiper-button-next\" role=\"button\" tabindex=\"0\">\n\t\t\t\t\t\t<svg aria-hidden=\"true\" class=\"e-font-icon-svg e-eicon-chevron-right\" viewbox=\"0 0 1000 1000\" xmlns=\"http:\/\/www.w3.org\/2000\/svg\"><path d=\"M696 533C708 521 713 504 713 487 713 471 708 454 696 446L400 146C388 133 375 125 354 125 338 125 325 129 313 142 300 154 292 171 292 187 292 204 296 221 308 233L563 492 304 771C292 783 288 800 288 817 288 833 296 850 308 863 321 871 338 875 354 875 371 875 388 867 400 854L696 533Z\"><\/path><\/svg>\t\t\t\t\t<\/div>\n\t\t\t\t\n\t\t\t\t\t\t\t\t\t<div class=\"swiper-pagination\"><\/div>\n\t\t\t\t\t\t\t\t\t<\/div>\n\t\t\t\t\t\t<\/div>\n\t\t\t\t\t<\/div>\n\t\t\t\t<\/div>\n\t\t\t\t<\/div>","protected":false},"excerpt":{"rendered":"<p>Luxuria Barcelona Flamenco Ballet Cump\u0103r\u0103 bilet \u021aara:\u00a0Spania Regia:\u00a0David Guti\u00e9rrez, Paula Reyes Distribu\u021bia:\u00a0Jordi Centeno, Rafa Bueno, Alberto Garrido, Jose Miguel Casta\u00f1o, Rafa Palomares, David Guti\u00e9rrez, Paula Reyes, Claudia Martinell, Beatriz Rodriguez, Andrea Amaya, Alba Soto, Maria Bardolet, Beatriz Rodr\u00edguez, Judith Marg\u00f3n Despre spectacol:\u00a0Luxuria transport\u0103 publicul \u00een lumea suspansului, a intrigii, \u00een dinamica complex\u0103 a puterii pasiunii, [&hellip;]<\/p>\n","protected":false},"author":1,"featured_media":0,"parent":0,"menu_order":0,"comment_status":"closed","ping_status":"closed","template":"","meta":{"footnotes":""},"class_list":["post-1191","page","type-page","status-publish","hentry"],"_links":{"self":[{"href":"https:\/\/bitei.eu\/en\/wp-json\/wp\/v2\/pages\/1191","targetHints":{"allow":["GET"]}}],"collection":[{"href":"https:\/\/bitei.eu\/en\/wp-json\/wp\/v2\/pages"}],"about":[{"href":"https:\/\/bitei.eu\/en\/wp-json\/wp\/v2\/types\/page"}],"author":[{"embeddable":true,"href":"https:\/\/bitei.eu\/en\/wp-json\/wp\/v2\/users\/1"}],"replies":[{"embeddable":true,"href":"https:\/\/bitei.eu\/en\/wp-json\/wp\/v2\/comments?post=1191"}],"version-history":[{"count":35,"href":"https:\/\/bitei.eu\/en\/wp-json\/wp\/v2\/pages\/1191\/revisions"}],"predecessor-version":[{"id":2573,"href":"https:\/\/bitei.eu\/en\/wp-json\/wp\/v2\/pages\/1191\/revisions\/2573"}],"wp:attachment":[{"href":"https:\/\/bitei.eu\/en\/wp-json\/wp\/v2\/media?parent=1191"}],"curies":[{"name":"wp","href":"https:\/\/api.w.org\/{rel}","templated":true}]}}