{"id":1213,"date":"2023-04-07T21:33:21","date_gmt":"2023-04-07T20:33:21","guid":{"rendered":"https:\/\/bitei.eu\/?page_id=1213"},"modified":"2023-05-08T01:36:53","modified_gmt":"2023-05-08T00:36:53","slug":"2023-7-sunt-vantul-de-jon-fosse-theatre-chrisma-art-centre","status":"publish","type":"page","link":"https:\/\/bitei.eu\/en\/2023-7-sunt-vantul-de-jon-fosse-theatre-chrisma-art-centre\/","title":{"rendered":"2023 \u2013 7. I am the wind by Jon Fosse Theater Chrisma Art Centre"},"content":{"rendered":"<div data-elementor-type=\"wp-page\" data-elementor-id=\"1213\" class=\"elementor elementor-1213\">\n\t\t\t\t<div class=\"elementor-element elementor-element-04376ef e-flex e-con-boxed e-con e-parent\" data-id=\"04376ef\" data-element_type=\"container\" data-e-type=\"container\">\n\t\t\t\t\t<div class=\"e-con-inner\">\n\t\t\t\t<div class=\"elementor-element elementor-element-db3cf16 elementor-widget elementor-widget-image\" data-id=\"db3cf16\" data-element_type=\"widget\" data-e-type=\"widget\" data-widget_type=\"image.default\">\n\t\t\t\t\t\t\t\t\t\t\t\t\t\t\t<img fetchpriority=\"high\" decoding=\"async\" width=\"1200\" height=\"628\" src=\"https:\/\/bitei.eu\/wp-content\/uploads\/2023\/05\/EU-SUNT-VANTUL-CHINA.jpg\" class=\"attachment-full size-full wp-image-2230\" alt=\"\" srcset=\"https:\/\/bitei.eu\/wp-content\/uploads\/2023\/05\/EU-SUNT-VANTUL-CHINA.jpg 1200w, https:\/\/bitei.eu\/wp-content\/uploads\/2023\/05\/EU-SUNT-VANTUL-CHINA-300x157.jpg 300w, https:\/\/bitei.eu\/wp-content\/uploads\/2023\/05\/EU-SUNT-VANTUL-CHINA-1030x539.jpg 1030w, https:\/\/bitei.eu\/wp-content\/uploads\/2023\/05\/EU-SUNT-VANTUL-CHINA-768x402.jpg 768w, https:\/\/bitei.eu\/wp-content\/uploads\/2023\/05\/EU-SUNT-VANTUL-CHINA-18x9.jpg 18w, https:\/\/bitei.eu\/wp-content\/uploads\/2023\/05\/EU-SUNT-VANTUL-CHINA-705x369.jpg 705w\" sizes=\"(max-width: 1200px) 100vw, 1200px\" \/>\t\t\t\t\t\t\t\t\t\t\t\t\t\t\t<\/div>\n\t\t\t\t\t<\/div>\n\t\t\t\t<\/div>\n\t\t<div class=\"elementor-element elementor-element-2673de5 e-flex e-con-boxed e-con e-parent\" data-id=\"2673de5\" data-element_type=\"container\" data-e-type=\"container\">\n\t\t\t\t\t<div class=\"e-con-inner\">\n\t\t\t\t<div class=\"elementor-element elementor-element-7aafc5c elementor-widget elementor-widget-heading\" data-id=\"7aafc5c\" data-element_type=\"widget\" data-e-type=\"widget\" data-widget_type=\"heading.default\">\n\t\t\t\t\t<h2 class=\"elementor-heading-title elementor-size-default\"><i style=\"font-size: medium;font-weight: 400;letter-spacing: normal;text-align: start;white-space: normal\"><span lang=\"RO\" style=\"font-size: 11pt;line-height: 15.6933px\"> I am the wind  <\/span><\/i><span lang=\"RO\" style=\"font-style: normal;font-weight: 400;letter-spacing: normal;text-align: start;white-space: normal;font-size: 11pt;line-height: 15.6933px;font-family: Calibri\"> <\/span><span lang=\"RO\" style=\"font-style: normal;font-weight: 400;letter-spacing: normal;text-align: start;white-space: normal;font-size: 11pt;line-height: 15.6933px\"> by Jon Fosse <\/span><span style=\"font-size: medium;font-style: normal;font-weight: 400;letter-spacing: normal;text-align: start;white-space: normal\"><\/span><br> Theater Chrisma Art Centre <span style=\"font-size: medium;font-style: normal;font-weight: 400;letter-spacing: normal;text-align: start;white-space: normal\"><\/span><br><\/h2>\t\t\t\t<\/div>\n\t\t\t\t<div class=\"elementor-element elementor-element-9719167 elementor-align-center elementor-widget elementor-widget-button\" data-id=\"9719167\" data-element_type=\"widget\" data-e-type=\"widget\" data-widget_type=\"button.default\">\n\t\t\t\t\t\t\t\t\t\t<a class=\"elementor-button elementor-button-link elementor-size-sm\" href=\"https:\/\/iticket.md\/en\/event\/location\/tealtrul-national-eugene-ionesco\">\n\t\t\t\t\t\t<span class=\"elementor-button-content-wrapper\">\n\t\t\t\t\t\t\t\t\t<span class=\"elementor-button-text\">Buy ticket<\/span>\n\t\t\t\t\t<\/span>\n\t\t\t\t\t<\/a>\n\t\t\t\t\t\t\t\t<\/div>\n\t\t\t\t\t<\/div>\n\t\t\t\t<\/div>\n\t\t<div class=\"elementor-element elementor-element-0b0939b e-flex e-con-boxed e-con e-parent\" data-id=\"0b0939b\" data-element_type=\"container\" data-e-type=\"container\">\n\t\t\t\t\t<div class=\"e-con-inner\">\n\t\t\t\t<div class=\"elementor-element elementor-element-7c71b7b elementor-widget elementor-widget-text-editor\" data-id=\"7c71b7b\" data-element_type=\"widget\" data-e-type=\"widget\" data-widget_type=\"text-editor.default\">\n\t\t\t\t\t\t\t\t\t<p style=\"font-style: normal; font-variant-ligatures: normal; font-variant-caps: normal; font-weight: 400; font-size: 17px; font-family: Roboto, sans-serif;\">\u00a0<\/p><div><p>Country: China<\/p><p>Directed by: Wang Lei<\/p><p>Cast: Wang Lei (director \/ visual arts designer), Zou LuLu (translator \/ dramaturgy \/ stage manager), Liu Yang (actor \/ acting coach), Bin Yang (actor Li)<\/p><p>About the performance:\u00a0<em>I am the wind<\/em> is a 2007 play by the Norwegian playwright Jon Fosse. It tells about two men, The One and The Other, who travel by boat until The One commits suicide by drowning himself.<\/p><p>I am the wind... One man or two men... Men or women... China, Norway or Moldova... None of these matters. What really matters is the voyage of living our meditations on our inner world and life itself.<\/p><p>About the theater: Theatre Chrisma Art Centre is a subsidiary troupe of Shanghai F.H. Cultural Development Corp. Ltd.<\/p><p>TCAC was initiated by painter, director, and architect Mr. Wang Lei and jointly established by theatre director Liu Yang and their colleagues in September 2019.\u00a0<\/p><p>It aims to provide some possibilities for experimental practices and academic explorations under the current entertaining tendency of theatre.<\/p><p>The troupe consists of some \u201cold guys\u201d, who have been in the theatre community for many years, and some \u201cnew faces\u201d, who are mainly the theatre teachers and master\u2019s students of Shanghai Theatre Academy.<\/p><p>TCAC has participated in academic research and experimental theater productions. Its repertoire includes plays by Samuel Beckett, Harold Pinter, Jon Fosse, Eug\u00e8ne Ionesco, etc.<\/p><p>Duration: 70 min<\/p><\/div>\t\t\t\t\t\t\t\t<\/div>\n\t\t\t\t\t<\/div>\n\t\t\t\t<\/div>\n\t\t<div class=\"elementor-element elementor-element-a9c82c7 e-flex e-con-boxed e-con e-parent\" data-id=\"a9c82c7\" data-element_type=\"container\" data-e-type=\"container\">\n\t\t\t\t\t<div class=\"e-con-inner\">\n\t\t\t\t\t<\/div>\n\t\t\t\t<\/div>\n\t\t\t\t<\/div>","protected":false},"excerpt":{"rendered":"<p>Sunt v\u00e2ntul de Jon Fosse Theatre Chrisma Art Centre Cump\u0103r\u0103 bilet \u021aara:\u00a0China Regie:\u00a0Wang Lei Distribu\u021bia:\u00a0\u00a0Wang Lei (director \/ visual arts designer), Zou LuLu (translator \/ dramaturgy \/ stage manager), Liu Yang (actor \/ acting coacher), Bin Yang (actor Li) Despre spectacol:\u00a0Sunt v\u00e2ntul este o pies\u0103 a dramaturgului norvegian Jon Fosse ap\u0103rut\u0103 \u00een anul 2007. Este [&hellip;]<\/p>\n","protected":false},"author":1,"featured_media":0,"parent":0,"menu_order":0,"comment_status":"closed","ping_status":"closed","template":"","meta":{"footnotes":""},"class_list":["post-1213","page","type-page","status-publish","hentry"],"_links":{"self":[{"href":"https:\/\/bitei.eu\/en\/wp-json\/wp\/v2\/pages\/1213","targetHints":{"allow":["GET"]}}],"collection":[{"href":"https:\/\/bitei.eu\/en\/wp-json\/wp\/v2\/pages"}],"about":[{"href":"https:\/\/bitei.eu\/en\/wp-json\/wp\/v2\/types\/page"}],"author":[{"embeddable":true,"href":"https:\/\/bitei.eu\/en\/wp-json\/wp\/v2\/users\/1"}],"replies":[{"embeddable":true,"href":"https:\/\/bitei.eu\/en\/wp-json\/wp\/v2\/comments?post=1213"}],"version-history":[{"count":28,"href":"https:\/\/bitei.eu\/en\/wp-json\/wp\/v2\/pages\/1213\/revisions"}],"predecessor-version":[{"id":2574,"href":"https:\/\/bitei.eu\/en\/wp-json\/wp\/v2\/pages\/1213\/revisions\/2574"}],"wp:attachment":[{"href":"https:\/\/bitei.eu\/en\/wp-json\/wp\/v2\/media?parent=1213"}],"curies":[{"name":"wp","href":"https:\/\/api.w.org\/{rel}","templated":true}]}}