{"id":1275,"date":"2023-04-07T22:07:07","date_gmt":"2023-04-07T21:07:07","guid":{"rendered":"https:\/\/bitei.eu\/?page_id=1275"},"modified":"2023-05-08T01:31:52","modified_gmt":"2023-05-08T00:31:52","slug":"2023-11-macbeth-dupa-william-shakespeare-si-eugene-ionesco-teatrul-fara-nume","status":"publish","type":"page","link":"https:\/\/bitei.eu\/en\/2023-11-macbeth-dupa-william-shakespeare-si-eugene-ionesco-teatrul-fara-nume\/","title":{"rendered":"2023 \u2013 11. Macbeth after William Shakespeare and Eug\u00e8ne Ionesco. Theater Without a Name"},"content":{"rendered":"<div data-elementor-type=\"wp-page\" data-elementor-id=\"1275\" class=\"elementor elementor-1275\">\n\t\t\t\t<div class=\"elementor-element elementor-element-04376ef e-flex e-con-boxed e-con e-parent\" data-id=\"04376ef\" data-element_type=\"container\" data-e-type=\"container\">\n\t\t\t\t\t<div class=\"e-con-inner\">\n\t\t\t\t<div class=\"elementor-element elementor-element-db3cf16 elementor-widget elementor-widget-image\" data-id=\"db3cf16\" data-element_type=\"widget\" data-e-type=\"widget\" data-widget_type=\"image.default\">\n\t\t\t\t\t\t\t\t\t\t\t\t\t\t\t<img fetchpriority=\"high\" decoding=\"async\" width=\"1200\" height=\"628\" src=\"https:\/\/bitei.eu\/wp-content\/uploads\/2023\/05\/A37CE3DD-AB3B-4A32-86D2-FECA00C68508.jpeg\" class=\"attachment-full size-full wp-image-2484\" alt=\"\" srcset=\"https:\/\/bitei.eu\/wp-content\/uploads\/2023\/05\/A37CE3DD-AB3B-4A32-86D2-FECA00C68508.jpeg 1200w, https:\/\/bitei.eu\/wp-content\/uploads\/2023\/05\/A37CE3DD-AB3B-4A32-86D2-FECA00C68508-300x157.jpeg 300w, https:\/\/bitei.eu\/wp-content\/uploads\/2023\/05\/A37CE3DD-AB3B-4A32-86D2-FECA00C68508-1030x539.jpeg 1030w, https:\/\/bitei.eu\/wp-content\/uploads\/2023\/05\/A37CE3DD-AB3B-4A32-86D2-FECA00C68508-768x402.jpeg 768w, https:\/\/bitei.eu\/wp-content\/uploads\/2023\/05\/A37CE3DD-AB3B-4A32-86D2-FECA00C68508-18x9.jpeg 18w, https:\/\/bitei.eu\/wp-content\/uploads\/2023\/05\/A37CE3DD-AB3B-4A32-86D2-FECA00C68508-705x369.jpeg 705w\" sizes=\"(max-width: 1200px) 100vw, 1200px\" \/>\t\t\t\t\t\t\t\t\t\t\t\t\t\t\t<\/div>\n\t\t\t\t\t<\/div>\n\t\t\t\t<\/div>\n\t\t<div class=\"elementor-element elementor-element-2673de5 e-flex e-con-boxed e-con e-parent\" data-id=\"2673de5\" data-element_type=\"container\" data-e-type=\"container\">\n\t\t\t\t\t<div class=\"e-con-inner\">\n\t\t\t\t<div class=\"elementor-element elementor-element-7aafc5c elementor-widget elementor-widget-heading\" data-id=\"7aafc5c\" data-element_type=\"widget\" data-e-type=\"widget\" data-widget_type=\"heading.default\">\n\t\t\t\t\t<h2 class=\"elementor-heading-title elementor-size-default\"><i style=\"font-size: medium;font-weight: 400;letter-spacing: normal;text-align: start;white-space: normal\"><span lang=\"RO\" style=\"font-size: 11pt;line-height: 15.6933px\">Macbeth<\/span><\/i><span lang=\"RO\" style=\"font-style: normal;font-weight: 400;letter-spacing: normal;text-align: start;white-space: normal;font-size: 11pt;line-height: 15.6933px\"> after William Shakespeare and Eug\u00e8ne Ionesco<\/span><span style=\"font-size: medium;font-style: normal;font-weight: 400;letter-spacing: normal;text-align: start;white-space: normal\"><\/span><br>The Nameless Theatre<\/h2>\t\t\t\t<\/div>\n\t\t\t\t<div class=\"elementor-element elementor-element-9719167 elementor-align-center elementor-widget elementor-widget-button\" data-id=\"9719167\" data-element_type=\"widget\" data-e-type=\"widget\" data-widget_type=\"button.default\">\n\t\t\t\t\t\t\t\t\t\t<a class=\"elementor-button elementor-button-link elementor-size-sm\" href=\"https:\/\/iticket.md\/en\/event\/location\/tealtrul-national-eugene-ionesco\">\n\t\t\t\t\t\t<span class=\"elementor-button-content-wrapper\">\n\t\t\t\t\t\t\t\t\t<span class=\"elementor-button-text\">Buy ticket<\/span>\n\t\t\t\t\t<\/span>\n\t\t\t\t\t<\/a>\n\t\t\t\t\t\t\t\t<\/div>\n\t\t\t\t\t<\/div>\n\t\t\t\t<\/div>\n\t\t<div class=\"elementor-element elementor-element-0b0939b e-flex e-con-boxed e-con e-parent\" data-id=\"0b0939b\" data-element_type=\"container\" data-e-type=\"container\">\n\t\t\t\t\t<div class=\"e-con-inner\">\n\t\t\t\t<div class=\"elementor-element elementor-element-7c71b7b elementor-widget elementor-widget-text-editor\" data-id=\"7c71b7b\" data-element_type=\"widget\" data-e-type=\"widget\" data-widget_type=\"text-editor.default\">\n\t\t\t\t\t\t\t\t\t<p>Country: Republic of Moldova<\/p><p>Directed by:  Mihai \u021a\u0103rn\u0103<\/p><p>Cast: Alexandru Rusu, Mihaela Popescu, Alexandru Dicusar, Ion Munteanu, Petre Dragancea, Marius C\u0103t\u0103lin-Tulum, Victoria Manciu, Ion G\u00e2rne\u021b, Nicu Ciuma\u0219u, Cristina Lungu, Valentin Munteanu, Larisa Dascal \/ Antonia Barancea\/, Victoria \u021aurcanu, Rada Mi\u0219coi, Valentin Munteanu, Vitalie Mandrescu.<\/p><p>About the show: A modern take on the classic <em>Macbeth<\/em>, directed by Mihai \u0162\u0103rn\u0103, inspired by the works of William Shakespeare and Eug\u00e8ne Ionesco. A tragedy, which brings to the fore the frantic passion, which causes political upheavals and the defiance of moral values.<\/p><p>The three witches\u2019 prediction that Macbeth is destined to become king causes Macbeth and his wife, Lady Macbeth, to receive the news as an all-too-desired reality. Staying overnight in Macbeth\u2019s castle, Duncan, King of Scotland, in the midst of the feast, is assassinated. Macbeth becomes king of Scotland. Thus, the prediction of the three witches comes true.<\/p><p>The swamp of pride sucks Macbeth deeper and deeper, and Lady Macbeth no longer succeeds in braving her husband. Remorse begins to consume her, and the loss of sleep is their reward for betrayal and murder. At Macbeth\u2019s next meeting with the three witches, he is foretold that only a man not born of a woman can kill him and that only then would his end be possible. Could it be true?<\/p><p>The Republican Theatre for Children and Youth was created on August 1, 1989 by the great theatre artist Ion Sandri \u015ecurea. Starting with 2006, the stage direction is taken by T. \u0162\u0103rn\u0103. Since 2011, the collaboration with Mihai \u021a\u0103rn\u0103 begins, who mounts the shows <em>Boeing, Boeing<\/em> by Marc Camoletti, <em>My darling Mrs. Kronky<\/em> by John Patrick, <em>12 whispers in the 12th night<\/em> after W. Shakespeare, <em>Notenkraker\u2026 or the fifth season\u2026<\/em> after ETA Hoffmann.<\/p><p>From April 2017, Mihai \u0162arn\u0103 became the chief director of the theatre, and from February 2018 the theatre was renamed as The Nameless Theatre, being part of the Ginta Latin\u0103 Culture and Art Center.<\/p><p>From 2020, the director of Ginta Latin\u0103 Culture and Art Center becomes Nicu \u0162\u0103rn\u0103. The idea of renaming the theatre belongs to the chief director Mihai \u021aarn\u0103. Through this change, the theatre gave itself a chance for a new life and a new way of communicating with the audience. Once you step into the theatre, you give up your name and have two hours to be a nameless human or become someone else. We simply choose to be. We do not go into records, but into memories.<\/p><p>Duration: 180 min<\/p>\t\t\t\t\t\t\t\t<\/div>\n\t\t\t\t\t<\/div>\n\t\t\t\t<\/div>\n\t\t<div class=\"elementor-element elementor-element-a9c82c7 e-flex e-con-boxed e-con e-parent\" data-id=\"a9c82c7\" data-element_type=\"container\" data-e-type=\"container\">\n\t\t\t\t\t<div class=\"e-con-inner\">\n\t\t\t\t<div class=\"elementor-element elementor-element-bc1d3c7 elementor-arrows-position-inside elementor-pagination-position-outside elementor-widget elementor-widget-image-carousel\" data-id=\"bc1d3c7\" data-element_type=\"widget\" data-e-type=\"widget\" data-settings=\"{&quot;navigation&quot;:&quot;both&quot;,&quot;autoplay&quot;:&quot;yes&quot;,&quot;pause_on_hover&quot;:&quot;yes&quot;,&quot;pause_on_interaction&quot;:&quot;yes&quot;,&quot;autoplay_speed&quot;:5000,&quot;infinite&quot;:&quot;yes&quot;,&quot;speed&quot;:500}\" data-widget_type=\"image-carousel.default\">\n\t\t\t\t\t\t\t<div class=\"elementor-image-carousel-wrapper swiper\" role=\"region\" aria-roledescription=\"carousel\" aria-label=\"Carusel de imagini\" dir=\"ltr\">\n\t\t\t<div class=\"elementor-image-carousel swiper-wrapper\" aria-live=\"off\">\n\t\t\t\t\t\t\t\t<div class=\"swiper-slide\" role=\"group\" aria-roledescription=\"slide\" aria-label=\"1 din 2\"><a data-elementor-open-lightbox=\"yes\" data-elementor-lightbox-slideshow=\"bc1d3c7\" data-elementor-lightbox-title=\"1-min\" data-e-action-hash=\"#elementor-action%3Aaction%3Dlightbox%26settings%3DeyJpZCI6MjA3OSwidXJsIjoiaHR0cHM6XC9cL2JpdGVpLmV1XC93cC1jb250ZW50XC91cGxvYWRzXC8yMDIzXC8wNVwvMS1taW4tc2NhbGVkLmpwZWciLCJzbGlkZXNob3ciOiJiYzFkM2M3In0%3D\" href=\"https:\/\/bitei.eu\/wp-content\/uploads\/2023\/05\/1-min-scaled.jpeg\"><figure class=\"swiper-slide-inner\"><img decoding=\"async\" class=\"swiper-slide-image\" src=\"https:\/\/bitei.eu\/wp-content\/uploads\/2023\/05\/1-min-scaled.jpeg\" alt=\"1-min\" \/><\/figure><\/a><\/div><div class=\"swiper-slide\" role=\"group\" aria-roledescription=\"slide\" aria-label=\"2 din 2\"><a data-elementor-open-lightbox=\"yes\" data-elementor-lightbox-slideshow=\"bc1d3c7\" data-elementor-lightbox-title=\"2-min\" data-e-action-hash=\"#elementor-action%3Aaction%3Dlightbox%26settings%3DeyJpZCI6MjA4MCwidXJsIjoiaHR0cHM6XC9cL2JpdGVpLmV1XC93cC1jb250ZW50XC91cGxvYWRzXC8yMDIzXC8wNVwvMi1taW4tc2NhbGVkLmpwZWciLCJzbGlkZXNob3ciOiJiYzFkM2M3In0%3D\" href=\"https:\/\/bitei.eu\/wp-content\/uploads\/2023\/05\/2-min-scaled.jpeg\"><figure class=\"swiper-slide-inner\"><img decoding=\"async\" class=\"swiper-slide-image\" src=\"https:\/\/bitei.eu\/wp-content\/uploads\/2023\/05\/2-min-scaled.jpeg\" alt=\"2-min\" \/><\/figure><\/a><\/div>\t\t\t<\/div>\n\t\t\t\t\t\t\t\t\t\t\t\t<div class=\"elementor-swiper-button elementor-swiper-button-prev\" role=\"button\" tabindex=\"0\">\n\t\t\t\t\t\t<svg aria-hidden=\"true\" class=\"e-font-icon-svg e-eicon-chevron-left\" viewbox=\"0 0 1000 1000\" xmlns=\"http:\/\/www.w3.org\/2000\/svg\"><path d=\"M646 125C629 125 613 133 604 142L308 442C296 454 292 471 292 487 292 504 296 521 308 533L604 854C617 867 629 875 646 875 663 875 679 871 692 858 704 846 713 829 713 812 713 796 708 779 692 767L438 487 692 225C700 217 708 204 708 187 708 171 704 154 692 142 675 129 663 125 646 125Z\"><\/path><\/svg>\t\t\t\t\t<\/div>\n\t\t\t\t\t<div class=\"elementor-swiper-button elementor-swiper-button-next\" role=\"button\" tabindex=\"0\">\n\t\t\t\t\t\t<svg aria-hidden=\"true\" class=\"e-font-icon-svg e-eicon-chevron-right\" viewbox=\"0 0 1000 1000\" xmlns=\"http:\/\/www.w3.org\/2000\/svg\"><path d=\"M696 533C708 521 713 504 713 487 713 471 708 454 696 446L400 146C388 133 375 125 354 125 338 125 325 129 313 142 300 154 292 171 292 187 292 204 296 221 308 233L563 492 304 771C292 783 288 800 288 817 288 833 296 850 308 863 321 871 338 875 354 875 371 875 388 867 400 854L696 533Z\"><\/path><\/svg>\t\t\t\t\t<\/div>\n\t\t\t\t\n\t\t\t\t\t\t\t\t\t<div class=\"swiper-pagination\"><\/div>\n\t\t\t\t\t\t\t\t\t<\/div>\n\t\t\t\t\t\t<\/div>\n\t\t\t\t\t<\/div>\n\t\t\t\t<\/div>\n\t\t\t\t<\/div>","protected":false},"excerpt":{"rendered":"<p>Macbeth dup\u0103 William Shakespeare \u0219i Eug\u00e8ne Ionesco Teatrul F\u0103r\u0103 Nume Cump\u0103r\u0103 bilet \u021aara:\u00a0Republica Moldova Regie:\u00a0Mihai \u021a\u0103rn\u0103 Distribu\u021bia: Alexandru Rusu, Mihaela Popescu, Alexandru Dicusar, Ion Munteanu, Petre Dragancea, Marius C\u0103t\u0103lin-Tulum, Victoria Manciu, Ion G\u00e2rne\u021b, Nicu Ciuma\u0219u, Cristina Lungu, Valentin Munteanu, Larisa Dascal \/ Antonia Barancea\/, Victoria \u021aurcanu, Rada Mi\u0219coi, Valentin Munteanu, Vitalie M\u00e2ndrescu. Despre spectacol:\u00a0O viziune [&hellip;]<\/p>\n","protected":false},"author":1,"featured_media":0,"parent":0,"menu_order":0,"comment_status":"closed","ping_status":"closed","template":"","meta":{"footnotes":""},"class_list":["post-1275","page","type-page","status-publish","hentry"],"_links":{"self":[{"href":"https:\/\/bitei.eu\/en\/wp-json\/wp\/v2\/pages\/1275","targetHints":{"allow":["GET"]}}],"collection":[{"href":"https:\/\/bitei.eu\/en\/wp-json\/wp\/v2\/pages"}],"about":[{"href":"https:\/\/bitei.eu\/en\/wp-json\/wp\/v2\/types\/page"}],"author":[{"embeddable":true,"href":"https:\/\/bitei.eu\/en\/wp-json\/wp\/v2\/users\/1"}],"replies":[{"embeddable":true,"href":"https:\/\/bitei.eu\/en\/wp-json\/wp\/v2\/comments?post=1275"}],"version-history":[{"count":37,"href":"https:\/\/bitei.eu\/en\/wp-json\/wp\/v2\/pages\/1275\/revisions"}],"predecessor-version":[{"id":2564,"href":"https:\/\/bitei.eu\/en\/wp-json\/wp\/v2\/pages\/1275\/revisions\/2564"}],"wp:attachment":[{"href":"https:\/\/bitei.eu\/en\/wp-json\/wp\/v2\/media?parent=1275"}],"curies":[{"name":"wp","href":"https:\/\/api.w.org\/{rel}","templated":true}]}}