{"id":1600,"date":"2023-04-28T12:22:51","date_gmt":"2023-04-28T11:22:51","guid":{"rendered":"https:\/\/bitei.eu\/?page_id=1600"},"modified":"2023-05-09T09:17:12","modified_gmt":"2023-05-09T08:17:12","slug":"2023-14-noja-noja-dancing-chuim-teathre","status":"publish","type":"page","link":"https:\/\/bitei.eu\/en\/2023-14-noja-noja-dancing-chuim-teathre\/","title":{"rendered":"2023 \u2013 14. Noja Noja Dancing Chuim Teathre"},"content":{"rendered":"<div data-elementor-type=\"wp-page\" data-elementor-id=\"1600\" class=\"elementor elementor-1600\">\n\t\t\t\t<div class=\"elementor-element elementor-element-8658576 e-flex e-con-boxed e-con e-parent\" data-id=\"8658576\" data-element_type=\"container\" data-e-type=\"container\">\n\t\t\t\t\t<div class=\"e-con-inner\">\n\t\t\t\t<div class=\"elementor-element elementor-element-0d27954 elementor-widget elementor-widget-image\" data-id=\"0d27954\" data-element_type=\"widget\" data-e-type=\"widget\" data-widget_type=\"image.default\">\n\t\t\t\t\t\t\t\t\t\t\t\t\t\t\t<img fetchpriority=\"high\" decoding=\"async\" width=\"1200\" height=\"628\" src=\"https:\/\/bitei.eu\/wp-content\/uploads\/2023\/05\/E3153B32-B2C7-43CF-A65B-43AD0B23FC09.jpeg\" class=\"attachment-full size-full wp-image-2495\" alt=\"\" srcset=\"https:\/\/bitei.eu\/wp-content\/uploads\/2023\/05\/E3153B32-B2C7-43CF-A65B-43AD0B23FC09.jpeg 1200w, https:\/\/bitei.eu\/wp-content\/uploads\/2023\/05\/E3153B32-B2C7-43CF-A65B-43AD0B23FC09-300x157.jpeg 300w, https:\/\/bitei.eu\/wp-content\/uploads\/2023\/05\/E3153B32-B2C7-43CF-A65B-43AD0B23FC09-1030x539.jpeg 1030w, https:\/\/bitei.eu\/wp-content\/uploads\/2023\/05\/E3153B32-B2C7-43CF-A65B-43AD0B23FC09-768x402.jpeg 768w, https:\/\/bitei.eu\/wp-content\/uploads\/2023\/05\/E3153B32-B2C7-43CF-A65B-43AD0B23FC09-18x9.jpeg 18w, https:\/\/bitei.eu\/wp-content\/uploads\/2023\/05\/E3153B32-B2C7-43CF-A65B-43AD0B23FC09-705x369.jpeg 705w\" sizes=\"(max-width: 1200px) 100vw, 1200px\" \/>\t\t\t\t\t\t\t\t\t\t\t\t\t\t\t<\/div>\n\t\t\t\t\t<\/div>\n\t\t\t\t<\/div>\n\t\t<div class=\"elementor-element elementor-element-a1a255e e-flex e-con-boxed e-con e-parent\" data-id=\"a1a255e\" data-element_type=\"container\" data-e-type=\"container\">\n\t\t\t\t\t<div class=\"e-con-inner\">\n\t\t\t\t<div class=\"elementor-element elementor-element-8c7fcca elementor-widget elementor-widget-heading\" data-id=\"8c7fcca\" data-element_type=\"widget\" data-e-type=\"widget\" data-widget_type=\"heading.default\">\n\t\t\t\t\t<h2 class=\"elementor-heading-title elementor-size-default\"><i style=\"font-size: medium;font-weight: 400;letter-spacing: normal;text-align: start;white-space: normal\"><span lang=\"RO\" style=\"font-size: 11pt;line-height: 15.6933px\">Noja Noja <\/span><\/i><span lang=\"RO\" style=\"font-style: normal;font-weight: 400;letter-spacing: normal;text-align: start;white-space: normal;font-size: 11pt;line-height: 15.6933px;font-family: Calibri\"> <\/span><span lang=\"RO\" style=\"font-style: normal;font-weight: 400;letter-spacing: normal;text-align: start;white-space: normal;font-size: 11pt;line-height: 15.6933px\"><\/span><span style=\"font-size: medium;font-style: normal;font-weight: 400;letter-spacing: normal;text-align: start;white-space: normal\"><\/span><br> Dancing Chuim Teathre<span style=\"font-size: medium;font-style: normal;font-weight: 400;letter-spacing: normal;text-align: start;white-space: normal\"><\/span><br><\/h2>\t\t\t\t<\/div>\n\t\t\t\t<div class=\"elementor-element elementor-element-9b222ae elementor-align-center elementor-widget elementor-widget-button\" data-id=\"9b222ae\" data-element_type=\"widget\" data-e-type=\"widget\" data-widget_type=\"button.default\">\n\t\t\t\t\t\t\t\t\t\t<a class=\"elementor-button elementor-button-link elementor-size-sm\" href=\"https:\/\/iticket.md\/en\/event\/location\/tealtrul-national-eugene-ionesco\">\n\t\t\t\t\t\t<span class=\"elementor-button-content-wrapper\">\n\t\t\t\t\t\t\t\t\t<span class=\"elementor-button-text\">Buy ticket<\/span>\n\t\t\t\t\t<\/span>\n\t\t\t\t\t<\/a>\n\t\t\t\t\t\t\t\t<\/div>\n\t\t\t\t\t<\/div>\n\t\t\t\t<\/div>\n\t\t<div class=\"elementor-element elementor-element-dbf8406 e-flex e-con-boxed e-con e-parent\" data-id=\"dbf8406\" data-element_type=\"container\" data-e-type=\"container\">\n\t\t\t\t\t<div class=\"e-con-inner\">\n\t\t<div class=\"elementor-element elementor-element-3dc5c8e e-flex e-con-boxed e-con e-parent\" data-id=\"3dc5c8e\" data-element_type=\"container\" data-e-type=\"container\">\n\t\t\t\t\t<div class=\"e-con-inner\">\n\t\t\t\t<div class=\"elementor-element elementor-element-f28acfd elementor-widget elementor-widget-text-editor\" data-id=\"f28acfd\" data-element_type=\"widget\" data-e-type=\"widget\" data-widget_type=\"text-editor.default\">\n\t\t\t\t\t\t\t\t\t<p>Country: Republic of Korea<\/p><p>Director: Jung Hana Cast: Jung Hana, Park Sinae, Seo Juyeon, Yu Suyoun, You Gahyun, Lee Heesoo<\/p><p>About the show: We are all carrying the weight of life. Someone carries a heavy weight to touch the ground. Someone is carrying a light weight that will touch the sky. We worship God as religion and find the purpose of life by finding the God called me, as the earth looks up at the sky and the sky looks down at the earth. Because God exists because of the inner strength that I have. In other words, the source of true happiness is in each person\u2019s heart. So you, and you. Let\u2019s just play together. Let\u2019s just take out the God in me, neither joy nor sorrow. Let\u2019s just do Noja Noja (Play and Play) with the dance inside of me.<\/p><p>Duration: 60 min<\/p>\t\t\t\t\t\t\t\t<\/div>\n\t\t\t\t\t<\/div>\n\t\t\t\t<\/div>\n\t\t\t\t\t<\/div>\n\t\t\t\t<\/div>\n\t\t<div class=\"elementor-element elementor-element-50b5c86 e-flex e-con-boxed e-con e-parent\" data-id=\"50b5c86\" data-element_type=\"container\" data-e-type=\"container\">\n\t\t\t\t\t<div class=\"e-con-inner\">\n\t\t\t\t<div class=\"elementor-element elementor-element-ab3e0c3 elementor-arrows-position-inside elementor-pagination-position-outside elementor-widget elementor-widget-image-carousel\" data-id=\"ab3e0c3\" data-element_type=\"widget\" data-e-type=\"widget\" data-settings=\"{&quot;navigation&quot;:&quot;both&quot;,&quot;autoplay&quot;:&quot;yes&quot;,&quot;pause_on_hover&quot;:&quot;yes&quot;,&quot;pause_on_interaction&quot;:&quot;yes&quot;,&quot;autoplay_speed&quot;:5000,&quot;infinite&quot;:&quot;yes&quot;,&quot;speed&quot;:500}\" data-widget_type=\"image-carousel.default\">\n\t\t\t\t\t\t\t<div class=\"elementor-image-carousel-wrapper swiper\" role=\"region\" aria-roledescription=\"carousel\" aria-label=\"Carusel de imagini\" dir=\"ltr\">\n\t\t\t<div class=\"elementor-image-carousel swiper-wrapper\" aria-live=\"off\">\n\t\t\t\t\t\t\t\t<div class=\"swiper-slide\" role=\"group\" aria-roledescription=\"slide\" aria-label=\"1 din 3\"><figure class=\"swiper-slide-inner\"><img decoding=\"async\" class=\"swiper-slide-image\" src=\"https:\/\/bitei.eu\/wp-content\/uploads\/2023\/04\/image06.png\" alt=\"image06\" \/><\/figure><\/div><div class=\"swiper-slide\" role=\"group\" aria-roledescription=\"slide\" aria-label=\"2 din 3\"><figure class=\"swiper-slide-inner\"><img decoding=\"async\" class=\"swiper-slide-image\" src=\"https:\/\/bitei.eu\/wp-content\/uploads\/2023\/04\/image03.png\" alt=\"image03\" \/><\/figure><\/div><div class=\"swiper-slide\" role=\"group\" aria-roledescription=\"slide\" aria-label=\"3 din 3\"><figure class=\"swiper-slide-inner\"><img decoding=\"async\" class=\"swiper-slide-image\" src=\"https:\/\/bitei.eu\/wp-content\/uploads\/2023\/04\/image02.png\" alt=\"image02\" \/><\/figure><\/div>\t\t\t<\/div>\n\t\t\t\t\t\t\t\t\t\t\t\t<div class=\"elementor-swiper-button elementor-swiper-button-prev\" role=\"button\" tabindex=\"0\">\n\t\t\t\t\t\t<svg aria-hidden=\"true\" class=\"e-font-icon-svg e-eicon-chevron-left\" viewbox=\"0 0 1000 1000\" xmlns=\"http:\/\/www.w3.org\/2000\/svg\"><path d=\"M646 125C629 125 613 133 604 142L308 442C296 454 292 471 292 487 292 504 296 521 308 533L604 854C617 867 629 875 646 875 663 875 679 871 692 858 704 846 713 829 713 812 713 796 708 779 692 767L438 487 692 225C700 217 708 204 708 187 708 171 704 154 692 142 675 129 663 125 646 125Z\"><\/path><\/svg>\t\t\t\t\t<\/div>\n\t\t\t\t\t<div class=\"elementor-swiper-button elementor-swiper-button-next\" role=\"button\" tabindex=\"0\">\n\t\t\t\t\t\t<svg aria-hidden=\"true\" class=\"e-font-icon-svg e-eicon-chevron-right\" viewbox=\"0 0 1000 1000\" xmlns=\"http:\/\/www.w3.org\/2000\/svg\"><path d=\"M696 533C708 521 713 504 713 487 713 471 708 454 696 446L400 146C388 133 375 125 354 125 338 125 325 129 313 142 300 154 292 171 292 187 292 204 296 221 308 233L563 492 304 771C292 783 288 800 288 817 288 833 296 850 308 863 321 871 338 875 354 875 371 875 388 867 400 854L696 533Z\"><\/path><\/svg>\t\t\t\t\t<\/div>\n\t\t\t\t\n\t\t\t\t\t\t\t\t\t<div class=\"swiper-pagination\"><\/div>\n\t\t\t\t\t\t\t\t\t<\/div>\n\t\t\t\t\t\t<\/div>\n\t\t\t\t\t<\/div>\n\t\t\t\t<\/div>\n\t\t\t\t<\/div>","protected":false},"excerpt":{"rendered":"<p>Noja Noja Dancing Chuim Teathre Cump\u0103r\u0103 bilet \u021aara: Republica Coreea Regia:\u00a0Jung HanaDistribu\u021bia:\u00a0Jung Hana, Park Sinae, Seo Juyeon, Yu Suyoun, You Gahyun, Lee Heesoo Despre spectacol:\u00a0Cu to\u021bii purt\u0103m povara vie\u021bii. Cineva poart\u0103 o greutate mare pentru a atinge p\u0103m\u00e2ntul. Cineva poart\u0103 o greutate u\u0219oar\u0103 care va atinge cerul. Ne \u00eenchin\u0103m lui Dumnezeu al religiei \u0219i g\u0103sim [&hellip;]<\/p>\n","protected":false},"author":1,"featured_media":0,"parent":0,"menu_order":0,"comment_status":"closed","ping_status":"closed","template":"","meta":{"footnotes":""},"class_list":["post-1600","page","type-page","status-publish","hentry"],"_links":{"self":[{"href":"https:\/\/bitei.eu\/en\/wp-json\/wp\/v2\/pages\/1600","targetHints":{"allow":["GET"]}}],"collection":[{"href":"https:\/\/bitei.eu\/en\/wp-json\/wp\/v2\/pages"}],"about":[{"href":"https:\/\/bitei.eu\/en\/wp-json\/wp\/v2\/types\/page"}],"author":[{"embeddable":true,"href":"https:\/\/bitei.eu\/en\/wp-json\/wp\/v2\/users\/1"}],"replies":[{"embeddable":true,"href":"https:\/\/bitei.eu\/en\/wp-json\/wp\/v2\/comments?post=1600"}],"version-history":[{"count":38,"href":"https:\/\/bitei.eu\/en\/wp-json\/wp\/v2\/pages\/1600\/revisions"}],"predecessor-version":[{"id":2659,"href":"https:\/\/bitei.eu\/en\/wp-json\/wp\/v2\/pages\/1600\/revisions\/2659"}],"wp:attachment":[{"href":"https:\/\/bitei.eu\/en\/wp-json\/wp\/v2\/media?parent=1600"}],"curies":[{"name":"wp","href":"https:\/\/api.w.org\/{rel}","templated":true}]}}