{"id":1672,"date":"2023-04-28T14:24:48","date_gmt":"2023-04-28T13:24:48","guid":{"rendered":"https:\/\/bitei.eu\/?page_id=1672"},"modified":"2023-05-09T09:42:09","modified_gmt":"2023-05-09T08:42:09","slug":"2023-18-legenda-despre-narayama-dupa-shichiro-fukazawa","status":"publish","type":"page","link":"https:\/\/bitei.eu\/en\/2023-18-legenda-despre-narayama-dupa-shichiro-fukazawa\/","title":{"rendered":"2023 \u2013 18. The Legend of Narayama by Shichiro Fukazawa"},"content":{"rendered":"<div data-elementor-type=\"wp-page\" data-elementor-id=\"1672\" class=\"elementor elementor-1672\">\n\t\t\t\t<div class=\"elementor-element elementor-element-d89560e e-flex e-con-boxed e-con e-parent\" data-id=\"d89560e\" data-element_type=\"container\" data-e-type=\"container\">\n\t\t\t\t\t<div class=\"e-con-inner\">\n\t\t\t\t<div class=\"elementor-element elementor-element-d3e6983 elementor-widget elementor-widget-image\" data-id=\"d3e6983\" data-element_type=\"widget\" data-e-type=\"widget\" data-widget_type=\"image.default\">\n\t\t\t\t\t\t\t\t\t\t\t\t\t\t\t<img fetchpriority=\"high\" decoding=\"async\" width=\"1200\" height=\"628\" src=\"https:\/\/bitei.eu\/wp-content\/uploads\/2023\/05\/54996F3F-089F-42F5-9B1C-93088990DA23.jpeg\" class=\"attachment-full size-full wp-image-2528\" alt=\"\" srcset=\"https:\/\/bitei.eu\/wp-content\/uploads\/2023\/05\/54996F3F-089F-42F5-9B1C-93088990DA23.jpeg 1200w, https:\/\/bitei.eu\/wp-content\/uploads\/2023\/05\/54996F3F-089F-42F5-9B1C-93088990DA23-300x157.jpeg 300w, https:\/\/bitei.eu\/wp-content\/uploads\/2023\/05\/54996F3F-089F-42F5-9B1C-93088990DA23-1030x539.jpeg 1030w, https:\/\/bitei.eu\/wp-content\/uploads\/2023\/05\/54996F3F-089F-42F5-9B1C-93088990DA23-768x402.jpeg 768w, https:\/\/bitei.eu\/wp-content\/uploads\/2023\/05\/54996F3F-089F-42F5-9B1C-93088990DA23-18x9.jpeg 18w, https:\/\/bitei.eu\/wp-content\/uploads\/2023\/05\/54996F3F-089F-42F5-9B1C-93088990DA23-705x369.jpeg 705w\" sizes=\"(max-width: 1200px) 100vw, 1200px\" \/>\t\t\t\t\t\t\t\t\t\t\t\t\t\t\t<\/div>\n\t\t\t\t\t<\/div>\n\t\t\t\t<\/div>\n\t\t<div class=\"elementor-element elementor-element-4b1d6fc e-flex e-con-boxed e-con e-parent\" data-id=\"4b1d6fc\" data-element_type=\"container\" data-e-type=\"container\">\n\t\t\t\t\t<div class=\"e-con-inner\">\n\t\t\t\t<div class=\"elementor-element elementor-element-dd772ea elementor-widget elementor-widget-heading\" data-id=\"dd772ea\" data-element_type=\"widget\" data-e-type=\"widget\" data-widget_type=\"heading.default\">\n\t\t\t\t\t<h2 class=\"elementor-heading-title elementor-size-default\"><i style=\"font-size: medium;font-weight: 400;letter-spacing: normal;text-align: start;white-space: normal\"><span lang=\"RO\" style=\"font-size: 11pt;line-height: 15.6933px\"> Sugeki Narayama Bush \u2013 Ismelor Ko  <\/span><\/i><span lang=\"RO\" style=\"font-style: normal;font-weight: 400;letter-spacing: normal;text-align: start;white-space: normal;font-size: 11pt;line-height: 15.6933px;font-family: Calibri\"> <\/span><span lang=\"RO\" style=\"font-style: normal;font-weight: 400;letter-spacing: normal;text-align: start;white-space: normal;font-size: 11pt;line-height: 15.6933px\"> by Shichiro Fukazawa<\/span><span style=\"font-size: medium;font-style: normal;font-weight: 400;letter-spacing: normal;text-align: start;white-space: normal\"><\/span><br> Gekidanichikyo-Hachimaru 1980 Theatre Company <span style=\"font-size: medium;font-style: normal;font-weight: 400;letter-spacing: normal;text-align: start;white-space: normal\"><\/span><br><\/h2>\t\t\t\t<\/div>\n\t\t\t\t<div class=\"elementor-element elementor-element-4a07430 elementor-align-center elementor-widget elementor-widget-button\" data-id=\"4a07430\" data-element_type=\"widget\" data-e-type=\"widget\" data-widget_type=\"button.default\">\n\t\t\t\t\t\t\t\t\t\t<a class=\"elementor-button elementor-button-link elementor-size-sm\" href=\"https:\/\/iticket.md\/en\/event\/location\/tealtrul-national-eugene-ionesco\">\n\t\t\t\t\t\t<span class=\"elementor-button-content-wrapper\">\n\t\t\t\t\t\t\t\t\t<span class=\"elementor-button-text\">Buy ticket<\/span>\n\t\t\t\t\t<\/span>\n\t\t\t\t\t<\/a>\n\t\t\t\t\t\t\t\t<\/div>\n\t\t\t\t\t<\/div>\n\t\t\t\t<\/div>\n\t\t<div class=\"elementor-element elementor-element-41687bd e-flex e-con-boxed e-con e-parent\" data-id=\"41687bd\" data-element_type=\"container\" data-e-type=\"container\">\n\t\t\t\t\t<div class=\"e-con-inner\">\n\t\t\t\t<div class=\"elementor-element elementor-element-234fd2c elementor-widget elementor-widget-text-editor\" data-id=\"234fd2c\" data-element_type=\"widget\" data-e-type=\"widget\" data-widget_type=\"text-editor.default\">\n\t\t\t\t\t\t\t\t\t<p>Country: Japan<br \/><br \/>Directed by: Yukio Sekiya<br \/><br \/>Cast: Chiaki Mizui, Ippo Fujikawa, Hiroyuki Kambara, Ryoji Ota, Mihoko Shimizu, Kento Katagiri, Maho Sekine, Yuko Ueno, Asami Mitsuki, Yoshiyuki Shibata, Masahiro Totani, Tatsuya Kinomura, Takayo Yamamoto<br \/><br \/>About the show: In the middle ages of Japan, in a poor village located at the intermountain, people of age 70 must go to Mt. Narayama to accept their own deaths. It is the sad knowledge for survival.<\/p><p>Orin, a 69-year-old woman, succeeded in welcoming a new wife for her pious son, Tatsuhei, and she is ready to climb Narayama, but her teeth are her only discomfort. In the starving village, having well-set teeth is considered a shame. Three days before New Year\u2019s Day, the 70th year for Orin, she secretly goes towards the top of the mountain carried by Tatsuhei\u2019s back.<br \/><br \/>About tearu: In April 1980, Theater Company 1980 was established by alumni of the Yokohama Academy of Broadcasting and Film (currently the Japan Institute of the Moving Image), led by the playwright and director Den Fujita. Since then, the company has been creating scenic art works with the inner themes of \u201cJapan\u201d and \u201cJapanese\u201d, which are strongly fixed by Fujita.<\/p><p>The Gekidanichikyo-Hachimaru 1980 Theatre Company had succeeded overseas performances (ten times in Europe, twice in Korea and Brazil) and is known as one of the most international theatre companies in Japan.<\/p><p>Duration: 105 min.<\/p>\t\t\t\t\t\t\t\t<\/div>\n\t\t\t\t\t<\/div>\n\t\t\t\t<\/div>\n\t\t<div class=\"elementor-element elementor-element-fb7c2ef e-flex e-con-boxed e-con e-parent\" data-id=\"fb7c2ef\" data-element_type=\"container\" data-e-type=\"container\">\n\t\t\t\t\t<div class=\"e-con-inner\">\n\t\t\t\t<div class=\"elementor-element elementor-element-0659c2c elementor-arrows-position-inside elementor-pagination-position-outside elementor-widget elementor-widget-image-carousel\" data-id=\"0659c2c\" data-element_type=\"widget\" data-e-type=\"widget\" data-settings=\"{&quot;navigation&quot;:&quot;both&quot;,&quot;autoplay&quot;:&quot;yes&quot;,&quot;pause_on_hover&quot;:&quot;yes&quot;,&quot;pause_on_interaction&quot;:&quot;yes&quot;,&quot;autoplay_speed&quot;:5000,&quot;infinite&quot;:&quot;yes&quot;,&quot;speed&quot;:500}\" data-widget_type=\"image-carousel.default\">\n\t\t\t\t\t\t\t<div class=\"elementor-image-carousel-wrapper swiper\" role=\"region\" aria-roledescription=\"carousel\" aria-label=\"Image Carousel\" dir=\"ltr\">\n\t\t\t<div class=\"elementor-image-carousel swiper-wrapper\" aria-live=\"off\">\n\t\t\t\t\t\t\t\t<div class=\"swiper-slide\" role=\"group\" aria-roledescription=\"slide\" aria-label=\"1 of 6\" data-no-translation-aria-label=\"\"><figure class=\"swiper-slide-inner\"><img decoding=\"async\" class=\"swiper-slide-image\" src=\"https:\/\/bitei.eu\/wp-content\/uploads\/2023\/04\/DSC_9914.jpg\" alt=\"DSC_9914\" \/><\/figure><\/div><div class=\"swiper-slide\" role=\"group\" aria-roledescription=\"slide\" aria-label=\"2 of 6\" data-no-translation-aria-label=\"\"><figure class=\"swiper-slide-inner\"><img decoding=\"async\" class=\"swiper-slide-image\" src=\"https:\/\/bitei.eu\/wp-content\/uploads\/2023\/04\/DSC_9904.jpg\" alt=\"DSC_9904\" \/><\/figure><\/div><div class=\"swiper-slide\" role=\"group\" aria-roledescription=\"slide\" aria-label=\"3 of 6\" data-no-translation-aria-label=\"\"><figure class=\"swiper-slide-inner\"><img decoding=\"async\" class=\"swiper-slide-image\" src=\"https:\/\/bitei.eu\/wp-content\/uploads\/2023\/04\/DSC_5401.jpg\" alt=\"DSC_5401\" \/><\/figure><\/div><div class=\"swiper-slide\" role=\"group\" aria-roledescription=\"slide\" aria-label=\"4 of 6\" data-no-translation-aria-label=\"\"><figure class=\"swiper-slide-inner\"><img decoding=\"async\" class=\"swiper-slide-image\" src=\"https:\/\/bitei.eu\/wp-content\/uploads\/2023\/04\/DSC_5367.jpg\" alt=\"DSC_5367\" \/><\/figure><\/div><div class=\"swiper-slide\" role=\"group\" aria-roledescription=\"slide\" aria-label=\"5 of 6\" data-no-translation-aria-label=\"\"><figure class=\"swiper-slide-inner\"><img decoding=\"async\" class=\"swiper-slide-image\" src=\"https:\/\/bitei.eu\/wp-content\/uploads\/2023\/04\/DSC_5317.jpg\" alt=\"DSC_5317\" \/><\/figure><\/div><div class=\"swiper-slide\" role=\"group\" aria-roledescription=\"slide\" aria-label=\"6 of 6\" data-no-translation-aria-label=\"\"><figure class=\"swiper-slide-inner\"><img decoding=\"async\" class=\"swiper-slide-image\" src=\"https:\/\/bitei.eu\/wp-content\/uploads\/2023\/04\/DSC_5246.jpg\" alt=\"DSC_5246\" \/><\/figure><\/div>\t\t\t<\/div>\n\t\t\t\t\t\t\t\t\t\t\t\t<div class=\"elementor-swiper-button elementor-swiper-button-prev\" role=\"button\" tabindex=\"0\">\n\t\t\t\t\t\t<svg aria-hidden=\"true\" class=\"e-font-icon-svg e-eicon-chevron-left\" viewbox=\"0 0 1000 1000\" xmlns=\"http:\/\/www.w3.org\/2000\/svg\"><path d=\"M646 125C629 125 613 133 604 142L308 442C296 454 292 471 292 487 292 504 296 521 308 533L604 854C617 867 629 875 646 875 663 875 679 871 692 858 704 846 713 829 713 812 713 796 708 779 692 767L438 487 692 225C700 217 708 204 708 187 708 171 704 154 692 142 675 129 663 125 646 125Z\"><\/path><\/svg>\t\t\t\t\t<\/div>\n\t\t\t\t\t<div class=\"elementor-swiper-button elementor-swiper-button-next\" role=\"button\" tabindex=\"0\">\n\t\t\t\t\t\t<svg aria-hidden=\"true\" class=\"e-font-icon-svg e-eicon-chevron-right\" viewbox=\"0 0 1000 1000\" xmlns=\"http:\/\/www.w3.org\/2000\/svg\"><path d=\"M696 533C708 521 713 504 713 487 713 471 708 454 696 446L400 146C388 133 375 125 354 125 338 125 325 129 313 142 300 154 292 171 292 187 292 204 296 221 308 233L563 492 304 771C292 783 288 800 288 817 288 833 296 850 308 863 321 871 338 875 354 875 371 875 388 867 400 854L696 533Z\"><\/path><\/svg>\t\t\t\t\t<\/div>\n\t\t\t\t\n\t\t\t\t\t\t\t\t\t<div class=\"swiper-pagination\"><\/div>\n\t\t\t\t\t\t\t\t\t<\/div>\n\t\t\t\t\t\t<\/div>\n\t\t\t\t\t<\/div>\n\t\t\t\t<\/div>\n\t\t\t\t<\/div>","protected":false},"excerpt":{"rendered":"<p>Legenda despre Narayama dup\u0103 Shichiro Fukazawa Compania Teatral\u0103 Gekidanichikyo-Hachimaru 1980 Cump\u0103r\u0103 bilet \u021aara: Japonia Regia: Yukio Sekiya Distribu\u021bia: Chiaki Mizui, Ippo Fujikawa, Hiroyuki Kambara, Ryoji Ota, Mihoko Shimizu, Kento Katagiri, Maho Sekine, Yuko Ueno, Asami Mitsuki, Yoshiyuki Shibata, Masahiro Totani, Tatsuya Kinomura, Takayo Yamamoto Despre spectacol: \u00cen Evul Mediu al Japoniei, \u00eentr-un sat s\u0103rac situat [&hellip;]<\/p>\n","protected":false},"author":1,"featured_media":0,"parent":0,"menu_order":0,"comment_status":"closed","ping_status":"closed","template":"","meta":{"footnotes":""},"class_list":["post-1672","page","type-page","status-publish","hentry"],"_links":{"self":[{"href":"https:\/\/bitei.eu\/en\/wp-json\/wp\/v2\/pages\/1672","targetHints":{"allow":["GET"]}}],"collection":[{"href":"https:\/\/bitei.eu\/en\/wp-json\/wp\/v2\/pages"}],"about":[{"href":"https:\/\/bitei.eu\/en\/wp-json\/wp\/v2\/types\/page"}],"author":[{"embeddable":true,"href":"https:\/\/bitei.eu\/en\/wp-json\/wp\/v2\/users\/1"}],"replies":[{"embeddable":true,"href":"https:\/\/bitei.eu\/en\/wp-json\/wp\/v2\/comments?post=1672"}],"version-history":[{"count":23,"href":"https:\/\/bitei.eu\/en\/wp-json\/wp\/v2\/pages\/1672\/revisions"}],"predecessor-version":[{"id":2680,"href":"https:\/\/bitei.eu\/en\/wp-json\/wp\/v2\/pages\/1672\/revisions\/2680"}],"wp:attachment":[{"href":"https:\/\/bitei.eu\/en\/wp-json\/wp\/v2\/media?parent=1672"}],"curies":[{"name":"wp","href":"https:\/\/api.w.org\/{rel}","templated":true}]}}