{"id":1677,"date":"2023-04-28T14:27:13","date_gmt":"2023-04-28T13:27:13","guid":{"rendered":"https:\/\/bitei.eu\/?page_id=1677"},"modified":"2023-05-09T09:43:29","modified_gmt":"2023-05-09T08:43:29","slug":"2023-19-lupii-lui-calancea-alex-calancea-band","status":"publish","type":"page","link":"https:\/\/bitei.eu\/en\/2023-19-lupii-lui-calancea-alex-calancea-band\/","title":{"rendered":"2023 \u2013 19. Calancea&#039;s Wolves Alex Calancea Band"},"content":{"rendered":"<div data-elementor-type=\"wp-page\" data-elementor-id=\"1677\" class=\"elementor elementor-1677\">\n\t\t\t\t<div class=\"elementor-element elementor-element-d89560e e-flex e-con-boxed e-con e-parent\" data-id=\"d89560e\" data-element_type=\"container\" data-e-type=\"container\">\n\t\t\t\t\t<div class=\"e-con-inner\">\n\t\t\t\t<div class=\"elementor-element elementor-element-d3e6983 elementor-widget elementor-widget-image\" data-id=\"d3e6983\" data-element_type=\"widget\" data-e-type=\"widget\" data-widget_type=\"image.default\">\n\t\t\t\t\t\t\t\t\t\t\t\t\t\t\t<img fetchpriority=\"high\" decoding=\"async\" width=\"1200\" height=\"628\" src=\"https:\/\/bitei.eu\/wp-content\/uploads\/2023\/05\/D8B66527-6AFD-41F8-B1D6-996397A35DE5-1.jpeg\" class=\"attachment-full size-full wp-image-1975\" alt=\"\" srcset=\"https:\/\/bitei.eu\/wp-content\/uploads\/2023\/05\/D8B66527-6AFD-41F8-B1D6-996397A35DE5-1.jpeg 1200w, https:\/\/bitei.eu\/wp-content\/uploads\/2023\/05\/D8B66527-6AFD-41F8-B1D6-996397A35DE5-1-300x157.jpeg 300w, https:\/\/bitei.eu\/wp-content\/uploads\/2023\/05\/D8B66527-6AFD-41F8-B1D6-996397A35DE5-1-1030x539.jpeg 1030w, https:\/\/bitei.eu\/wp-content\/uploads\/2023\/05\/D8B66527-6AFD-41F8-B1D6-996397A35DE5-1-768x402.jpeg 768w, https:\/\/bitei.eu\/wp-content\/uploads\/2023\/05\/D8B66527-6AFD-41F8-B1D6-996397A35DE5-1-18x9.jpeg 18w, https:\/\/bitei.eu\/wp-content\/uploads\/2023\/05\/D8B66527-6AFD-41F8-B1D6-996397A35DE5-1-705x369.jpeg 705w\" sizes=\"(max-width: 1200px) 100vw, 1200px\" \/>\t\t\t\t\t\t\t\t\t\t\t\t\t\t\t<\/div>\n\t\t\t\t\t<\/div>\n\t\t\t\t<\/div>\n\t\t<div class=\"elementor-element elementor-element-4b1d6fc e-flex e-con-boxed e-con e-parent\" data-id=\"4b1d6fc\" data-element_type=\"container\" data-e-type=\"container\">\n\t\t\t\t\t<div class=\"e-con-inner\">\n\t\t\t\t<div class=\"elementor-element elementor-element-dd772ea elementor-widget elementor-widget-heading\" data-id=\"dd772ea\" data-element_type=\"widget\" data-e-type=\"widget\" data-widget_type=\"heading.default\">\n\t\t\t\t\t<h2 class=\"elementor-heading-title elementor-size-default\"><i style=\"font-size: medium;font-weight: 400;letter-spacing: normal;text-align: start;white-space: normal\"><span lang=\"RO\" style=\"font-size: 11pt;line-height: 15.6933px\"> The Wolfs of Calancea  <\/span><\/i><span lang=\"RO\" style=\"font-style: normal;font-weight: 400;letter-spacing: normal;text-align: start;white-space: normal;font-size: 11pt;line-height: 15.6933px;font-family: Calibri\"> <\/span><span lang=\"RO\" style=\"font-style: normal;font-weight: 400;letter-spacing: normal;text-align: start;white-space: normal;font-size: 11pt;line-height: 15.6933px\"><\/span><span style=\"font-size: medium;font-style: normal;font-weight: 400;letter-spacing: normal;text-align: start;white-space: normal\"><\/span><br> Alex Calancea Band <span style=\"font-size: medium;font-style: normal;font-weight: 400;letter-spacing: normal;text-align: start;white-space: normal\"><\/span><br><\/h2>\t\t\t\t<\/div>\n\t\t\t\t<div class=\"elementor-element elementor-element-4a07430 elementor-align-center elementor-widget elementor-widget-button\" data-id=\"4a07430\" data-element_type=\"widget\" data-e-type=\"widget\" data-widget_type=\"button.default\">\n\t\t\t\t\t\t\t\t\t\t<a class=\"elementor-button elementor-button-link elementor-size-sm\" href=\"https:\/\/iticket.md\/en\/event\/location\/tealtrul-national-eugene-ionesco\">\n\t\t\t\t\t\t<span class=\"elementor-button-content-wrapper\">\n\t\t\t\t\t\t\t\t\t<span class=\"elementor-button-text\">Buy ticket<\/span>\n\t\t\t\t\t<\/span>\n\t\t\t\t\t<\/a>\n\t\t\t\t\t\t\t\t<\/div>\n\t\t\t\t\t<\/div>\n\t\t\t\t<\/div>\n\t\t<div class=\"elementor-element elementor-element-41687bd e-flex e-con-boxed e-con e-parent\" data-id=\"41687bd\" data-element_type=\"container\" data-e-type=\"container\">\n\t\t\t\t\t<div class=\"e-con-inner\">\n\t\t\t\t<div class=\"elementor-element elementor-element-9ed4c94 elementor-widget elementor-widget-text-editor\" data-id=\"9ed4c94\" data-element_type=\"widget\" data-e-type=\"widget\" data-widget_type=\"text-editor.default\">\n\t\t\t\t\t\t\t\t\t<p>Country: Republic of Moldova<br \/><br \/>About the band: Alex Calancea Band is a musical fusion that combines drum\u2019n\u2019bass grooves and classical passages with distorted urban folklore. The band creates improvisations with great involvement and precision. All are moved by a pulse of energy that erases the distance between stillness and psychedelic climaxes. Alex Calancea Band is the band that sings with the most valuable voices in Bessarabia. The band\u2019s calling card is their latest album The . <em style=\"font-weight: inherit;\">Wild Heart<\/em>.<br \/><br \/>Duration: 70 min.<\/p>\t\t\t\t\t\t\t\t<\/div>\n\t\t\t\t\t<\/div>\n\t\t\t\t<\/div>\n\t\t<div class=\"elementor-element elementor-element-fb7c2ef e-flex e-con-boxed e-con e-parent\" data-id=\"fb7c2ef\" data-element_type=\"container\" data-e-type=\"container\">\n\t\t\t\t\t<div class=\"e-con-inner\">\n\t\t\t\t<div class=\"elementor-element elementor-element-0659c2c elementor-arrows-position-inside elementor-pagination-position-outside elementor-widget elementor-widget-image-carousel\" data-id=\"0659c2c\" data-element_type=\"widget\" data-e-type=\"widget\" data-settings=\"{&quot;navigation&quot;:&quot;both&quot;,&quot;autoplay&quot;:&quot;yes&quot;,&quot;pause_on_hover&quot;:&quot;yes&quot;,&quot;pause_on_interaction&quot;:&quot;yes&quot;,&quot;autoplay_speed&quot;:5000,&quot;infinite&quot;:&quot;yes&quot;,&quot;speed&quot;:500}\" data-widget_type=\"image-carousel.default\">\n\t\t\t\t\t\t\t<div class=\"elementor-image-carousel-wrapper swiper\" role=\"region\" aria-roledescription=\"carousel\" aria-label=\"Image Carousel\" dir=\"ltr\">\n\t\t\t<div class=\"elementor-image-carousel swiper-wrapper\" aria-live=\"off\">\n\t\t\t\t\t\t\t\t<div class=\"swiper-slide\" role=\"group\" aria-roledescription=\"slide\" aria-label=\"1 of 3\" data-no-translation-aria-label=\"\"><figure class=\"swiper-slide-inner\"><img decoding=\"async\" class=\"swiper-slide-image\" src=\"https:\/\/bitei.eu\/wp-content\/uploads\/2023\/04\/Povestea_de_iarna_2020_by_ionbuga-158-920x614-1.jpeg\" alt=\"Povestea_de_iarna_2020_by_ionbuga-158-920x614\" \/><\/figure><\/div><div class=\"swiper-slide\" role=\"group\" aria-roledescription=\"slide\" aria-label=\"2 of 3\" data-no-translation-aria-label=\"\"><figure class=\"swiper-slide-inner\"><img decoding=\"async\" class=\"swiper-slide-image\" src=\"https:\/\/bitei.eu\/wp-content\/uploads\/2023\/04\/53-scaled-1.jpeg\" alt=\"53-scaled\" \/><\/figure><\/div><div class=\"swiper-slide\" role=\"group\" aria-roledescription=\"slide\" aria-label=\"3 of 3\" data-no-translation-aria-label=\"\"><figure class=\"swiper-slide-inner\"><img decoding=\"async\" class=\"swiper-slide-image\" src=\"https:\/\/bitei.eu\/wp-content\/uploads\/2023\/04\/Foto-LUPII-5-1-scaled.jpg\" alt=\"Foto LUPII 5 (1)\" \/><\/figure><\/div>\t\t\t<\/div>\n\t\t\t\t\t\t\t\t\t\t\t\t<div class=\"elementor-swiper-button elementor-swiper-button-prev\" role=\"button\" tabindex=\"0\">\n\t\t\t\t\t\t<svg aria-hidden=\"true\" class=\"e-font-icon-svg e-eicon-chevron-left\" viewbox=\"0 0 1000 1000\" xmlns=\"http:\/\/www.w3.org\/2000\/svg\"><path d=\"M646 125C629 125 613 133 604 142L308 442C296 454 292 471 292 487 292 504 296 521 308 533L604 854C617 867 629 875 646 875 663 875 679 871 692 858 704 846 713 829 713 812 713 796 708 779 692 767L438 487 692 225C700 217 708 204 708 187 708 171 704 154 692 142 675 129 663 125 646 125Z\"><\/path><\/svg>\t\t\t\t\t<\/div>\n\t\t\t\t\t<div class=\"elementor-swiper-button elementor-swiper-button-next\" role=\"button\" tabindex=\"0\">\n\t\t\t\t\t\t<svg aria-hidden=\"true\" class=\"e-font-icon-svg e-eicon-chevron-right\" viewbox=\"0 0 1000 1000\" xmlns=\"http:\/\/www.w3.org\/2000\/svg\"><path d=\"M696 533C708 521 713 504 713 487 713 471 708 454 696 446L400 146C388 133 375 125 354 125 338 125 325 129 313 142 300 154 292 171 292 187 292 204 296 221 308 233L563 492 304 771C292 783 288 800 288 817 288 833 296 850 308 863 321 871 338 875 354 875 371 875 388 867 400 854L696 533Z\"><\/path><\/svg>\t\t\t\t\t<\/div>\n\t\t\t\t\n\t\t\t\t\t\t\t\t\t<div class=\"swiper-pagination\"><\/div>\n\t\t\t\t\t\t\t\t\t<\/div>\n\t\t\t\t\t\t<\/div>\n\t\t\t\t\t<\/div>\n\t\t\t\t<\/div>\n\t\t\t\t<\/div>","protected":false},"excerpt":{"rendered":"<p>Lupii lui Calancea Alex Calancea Band Cump\u0103r\u0103 bilet \u021aara: Republica Moldova Despre trup\u0103: Alex Calancea Band este o fuziune muzical\u0103 care \u00eembin\u0103 groove-urile de Drum\u2019n\u2019Bass \u0219i pasajele clasice cu folclorul urban distorsionat. Bandul creeaz\u0103 improviza\u021bii cu mare implicare \u0219i precizie. Toate sunt mi\u0219cate de un puls de energie care \u0219terge distan\u021ba dintre lini\u0219te \u0219i culmina\u021biile [&hellip;]<\/p>\n","protected":false},"author":1,"featured_media":0,"parent":0,"menu_order":0,"comment_status":"closed","ping_status":"closed","template":"","meta":{"footnotes":""},"class_list":["post-1677","page","type-page","status-publish","hentry"],"_links":{"self":[{"href":"https:\/\/bitei.eu\/en\/wp-json\/wp\/v2\/pages\/1677","targetHints":{"allow":["GET"]}}],"collection":[{"href":"https:\/\/bitei.eu\/en\/wp-json\/wp\/v2\/pages"}],"about":[{"href":"https:\/\/bitei.eu\/en\/wp-json\/wp\/v2\/types\/page"}],"author":[{"embeddable":true,"href":"https:\/\/bitei.eu\/en\/wp-json\/wp\/v2\/users\/1"}],"replies":[{"embeddable":true,"href":"https:\/\/bitei.eu\/en\/wp-json\/wp\/v2\/comments?post=1677"}],"version-history":[{"count":19,"href":"https:\/\/bitei.eu\/en\/wp-json\/wp\/v2\/pages\/1677\/revisions"}],"predecessor-version":[{"id":2684,"href":"https:\/\/bitei.eu\/en\/wp-json\/wp\/v2\/pages\/1677\/revisions\/2684"}],"wp:attachment":[{"href":"https:\/\/bitei.eu\/en\/wp-json\/wp\/v2\/media?parent=1677"}],"curies":[{"name":"wp","href":"https:\/\/api.w.org\/{rel}","templated":true}]}}